{"id":606,"date":"2017-03-09T11:44:10","date_gmt":"2017-03-09T11:44:10","guid":{"rendered":"http:\/\/www.hirewordpressdeveloper.in\/themes\/construction\/?page_id=606"},"modified":"2021-06-04T16:04:15","modified_gmt":"2021-06-04T13:04:15","slug":"is-ortaklarimiz","status":"publish","type":"page","link":"https:\/\/kdcmuhendislik.com\/index.php\/is-ortaklarimiz\/","title":{"rendered":"\u0130\u015f Ortaklar\u0131m\u0131z"},"content":{"rendered":"<p>[vc_row css_animation=&#8221;fadeInUp&#8221; css=&#8221;.vc_custom_1504524447108{padding-bottom: 150px !important;}&#8221;][vc_column][vc_empty_space height=&#8221;25px&#8221;]<div class=\"text-left\"><h3 style=\"color:\">B\u0130RL\u0130KTE \u00c7ALI\u015eTI\u011eIMIZ BAZI F\u0130RMALAR<\/h3><div class=\"edge-seprator\"><\/div><\/div>[vc_empty_space height=&#8221;25px&#8221;]\r\n\t\t<section class=\"test-partner\">\r\n\t   \t\t<div class=\"row test-logo-row\"><div class=\"col-md-3 col-sm-3 col-xs-6 test-part-logo\">\r\n\t\t\t\t\t\t\t<a href=\"\">\r\n\t\t\t\t\t\t\t\t<img decoding=\"async\" src=\"https:\/\/kdcmuhendislik.com\/wp-content\/uploads\/2017\/03\/clint-logo-nurol.png\" alt=\"Our Client\">\r\n\t\t\t\t\t\t\t<\/a>\r\n\t\t\t\t        <\/div><div class=\"col-md-3 col-sm-3 col-xs-6 test-part-logo\">\r\n\t\t\t\t\t\t\t<a href=\"\">\r\n\t\t\t\t\t\t\t\t<img decoding=\"async\" src=\"https:\/\/kdcmuhendislik.com\/wp-content\/uploads\/2017\/03\/clint-logo-gulermak.png\" alt=\"Our Client\">\r\n\t\t\t\t\t\t\t<\/a>\r\n\t\t\t\t        <\/div><div class=\"col-md-3 col-sm-3 col-xs-6 test-part-logo\">\r\n\t\t\t\t\t\t\t<a href=\"\">\r\n\t\t\t\t\t\t\t\t<img decoding=\"async\" src=\"https:\/\/kdcmuhendislik.com\/wp-content\/uploads\/2017\/03\/clint-logo-kalyon.png\" alt=\"Our Client\">\r\n\t\t\t\t\t\t\t<\/a>\r\n\t\t\t\t        <\/div><div class=\"col-md-3 col-sm-3 col-xs-6 test-part-logo\">\r\n\t\t\t\t\t\t\t<a href=\"\">\r\n\t\t\t\t\t\t\t\t<img decoding=\"async\" src=\"https:\/\/kdcmuhendislik.com\/wp-content\/uploads\/2017\/03\/clint-logo-havelsan.png\" alt=\"Our Client\">\r\n\t\t\t\t\t\t\t<\/a>\r\n\t\t\t\t        <\/div><div class=\"col-md-3 col-sm-3 col-xs-6 test-part-logo\">\r\n\t\t\t\t\t\t\t<a href=\"\">\r\n\t\t\t\t\t\t\t\t<img decoding=\"async\" src=\"https:\/\/kdcmuhendislik.com\/wp-content\/uploads\/2017\/03\/clint-logo-voith.png\" alt=\"Our Client\">\r\n\t\t\t\t\t\t\t<\/a>\r\n\t\t\t\t        <\/div><div class=\"col-md-3 col-sm-3 col-xs-6 test-part-logo\">\r\n\t\t\t\t\t\t\t<a href=\"\">\r\n\t\t\t\t\t\t\t\t<img decoding=\"async\" src=\"https:\/\/kdcmuhendislik.com\/wp-content\/uploads\/2017\/03\/clint-logo-ciftay.png\" alt=\"Our Client\">\r\n\t\t\t\t\t\t\t<\/a>\r\n\t\t\t\t        <\/div><div class=\"col-md-3 col-sm-3 col-xs-6 test-part-logo\">\r\n\t\t\t\t\t\t\t<a href=\"\">\r\n\t\t\t\t\t\t\t\t<img decoding=\"async\" src=\"https:\/\/kdcmuhendislik.com\/wp-content\/uploads\/2017\/03\/clint-logo-as-ka.png\" alt=\"Our Client\">\r\n\t\t\t\t\t\t\t<\/a>\r\n\t\t\t\t        <\/div><div class=\"col-md-3 col-sm-3 col-xs-6 test-part-logo\">\r\n\t\t\t\t\t\t\t<a href=\"\">\r\n\t\t\t\t\t\t\t\t<img decoding=\"async\" src=\"https:\/\/kdcmuhendislik.com\/wp-content\/uploads\/2017\/03\/clint-logo-adacal.png\" alt=\"Our Client\">\r\n\t\t\t\t\t\t\t<\/a>\r\n\t\t\t\t        <\/div><div class=\"col-md-3 col-sm-3 col-xs-6 test-part-logo\">\r\n\t\t\t\t\t\t\t<a href=\"\">\r\n\t\t\t\t\t\t\t\t<img decoding=\"async\" src=\"https:\/\/kdcmuhendislik.com\/wp-content\/uploads\/2017\/03\/clint-logo-prekons.png\" alt=\"Our Client\">\r\n\t\t\t\t\t\t\t<\/a>\r\n\t\t\t\t        <\/div><div class=\"col-md-3 col-sm-3 col-xs-6 test-part-logo\">\r\n\t\t\t\t\t\t\t<a href=\"\">\r\n\t\t\t\t\t\t\t\t<img decoding=\"async\" src=\"https:\/\/kdcmuhendislik.com\/wp-content\/uploads\/2017\/03\/clint-logo-akyapak.png\" alt=\"Our Client\">\r\n\t\t\t\t\t\t\t<\/a>\r\n\t\t\t\t        <\/div><div class=\"col-md-3 col-sm-3 col-xs-6 test-part-logo\">\r\n\t\t\t\t\t\t\t<a href=\"\">\r\n\t\t\t\t\t\t\t\t<img decoding=\"async\" src=\"https:\/\/kdcmuhendislik.com\/wp-content\/uploads\/2017\/03\/clint-logo-arater.png\" alt=\"Our Client\">\r\n\t\t\t\t\t\t\t<\/a>\r\n\t\t\t\t        <\/div><div class=\"col-md-3 col-sm-3 col-xs-6 test-part-logo\">\r\n\t\t\t\t\t\t\t<a href=\"\">\r\n\t\t\t\t\t\t\t\t<img decoding=\"async\" src=\"https:\/\/kdcmuhendislik.com\/wp-content\/uploads\/2017\/03\/clint-logo-askaynak.png\" alt=\"Our Client\">\r\n\t\t\t\t\t\t\t<\/a>\r\n\t\t\t\t        <\/div><div class=\"col-md-3 col-sm-3 col-xs-6 test-part-logo\">\r\n\t\t\t\t\t\t\t<a href=\"\">\r\n\t\t\t\t\t\t\t\t<img decoding=\"async\" src=\"https:\/\/kdcmuhendislik.com\/wp-content\/uploads\/2017\/03\/clint-logo-ceceli-grup.png\" alt=\"Our Client\">\r\n\t\t\t\t\t\t\t<\/a>\r\n\t\t\t\t        <\/div><div class=\"col-md-3 col-sm-3 col-xs-6 test-part-logo\">\r\n\t\t\t\t\t\t\t<a href=\"\">\r\n\t\t\t\t\t\t\t\t<img decoding=\"async\" src=\"https:\/\/kdcmuhendislik.com\/wp-content\/uploads\/2017\/03\/clint-logo-esab.png\" alt=\"Our Client\">\r\n\t\t\t\t\t\t\t<\/a>\r\n\t\t\t\t        <\/div><div class=\"col-md-3 col-sm-3 col-xs-6 test-part-logo\">\r\n\t\t\t\t\t\t\t<a href=\"\">\r\n\t\t\t\t\t\t\t\t<img decoding=\"async\" src=\"https:\/\/kdcmuhendislik.com\/wp-content\/uploads\/2017\/03\/clint-logo-rzk-celik.png\" alt=\"Our Client\">\r\n\t\t\t\t\t\t\t<\/a>\r\n\t\t\t\t        <\/div><div class=\"col-md-3 col-sm-3 col-xs-6 test-part-logo\">\r\n\t\t\t\t\t\t\t<a href=\"\">\r\n\t\t\t\t\t\t\t\t<img decoding=\"async\" src=\"https:\/\/kdcmuhendislik.com\/wp-content\/uploads\/2017\/03\/clint-logo-nurol-teknoloji.png\" alt=\"Our Client\">\r\n\t\t\t\t\t\t\t<\/a>\r\n\t\t\t\t        <\/div><div class=\"col-md-3 col-sm-3 col-xs-6 test-part-logo\">\r\n\t\t\t\t\t\t\t<a href=\"\">\r\n\t\t\t\t\t\t\t\t<img decoding=\"async\" src=\"https:\/\/kdcmuhendislik.com\/wp-content\/uploads\/2017\/03\/clint-logo-international.png\" alt=\"Our Client\">\r\n\t\t\t\t\t\t\t<\/a>\r\n\t\t\t\t        <\/div><div class=\"col-md-3 col-sm-3 col-xs-6 test-part-logo\">\r\n\t\t\t\t\t\t\t<a href=\"\">\r\n\t\t\t\t\t\t\t\t<img decoding=\"async\" src=\"https:\/\/kdcmuhendislik.com\/wp-content\/uploads\/2017\/03\/clint-logo-thyssenkrupp.png\" alt=\"Our Client\">\r\n\t\t\t\t\t\t\t<\/a>\r\n\t\t\t\t        <\/div><div class=\"col-md-3 col-sm-3 col-xs-6 test-part-logo\">\r\n\t\t\t\t\t\t\t<a href=\"\">\r\n\t\t\t\t\t\t\t\t<img decoding=\"async\" src=\"https:\/\/kdcmuhendislik.com\/wp-content\/uploads\/2017\/03\/clint-logo-hardox.png\" alt=\"Our Client\">\r\n\t\t\t\t\t\t\t<\/a>\r\n\t\t\t\t        <\/div><div class=\"col-md-3 col-sm-3 col-xs-6 test-part-logo\">\r\n\t\t\t\t\t\t\t<a href=\"\">\r\n\t\t\t\t\t\t\t\t<img decoding=\"async\" src=\"https:\/\/kdcmuhendislik.com\/wp-content\/uploads\/2017\/03\/clint-logo-ceytech.png\" alt=\"Our Client\">\r\n\t\t\t\t\t\t\t<\/a>\r\n\t\t\t\t        <\/div><div class=\"col-md-3 col-sm-3 col-xs-6 test-part-logo\">\r\n\t\t\t\t\t\t\t<a href=\"\">\r\n\t\t\t\t\t\t\t\t<img decoding=\"async\" src=\"https:\/\/kdcmuhendislik.com\/wp-content\/uploads\/2017\/03\/clint-logo-saragrup.png\" alt=\"Our Client\">\r\n\t\t\t\t\t\t\t<\/a>\r\n\t\t\t\t        <\/div><div class=\"col-md-3 col-sm-3 col-xs-6 test-part-logo\">\r\n\t\t\t\t\t\t\t<a href=\"\">\r\n\t\t\t\t\t\t\t\t<img decoding=\"async\" src=\"https:\/\/kdcmuhendislik.com\/wp-content\/uploads\/2017\/03\/clint-logo-kaleliler.png\" alt=\"Our Client\">\r\n\t\t\t\t\t\t\t<\/a>\r\n\t\t\t\t        <\/div><div class=\"col-md-3 col-sm-3 col-xs-6 test-part-logo\">\r\n\t\t\t\t\t\t\t<a href=\"\">\r\n\t\t\t\t\t\t\t\t<img decoding=\"async\" src=\"https:\/\/kdcmuhendislik.com\/wp-content\/uploads\/2017\/03\/clint-logo-sisecam.png\" alt=\"Our Client\">\r\n\t\t\t\t\t\t\t<\/a>\r\n\t\t\t\t        <\/div><div class=\"col-md-3 col-sm-3 col-xs-6 test-part-logo\">\r\n\t\t\t\t\t\t\t<a href=\"\">\r\n\t\t\t\t\t\t\t\t<img decoding=\"async\" src=\"https:\/\/kdcmuhendislik.com\/wp-content\/uploads\/2017\/03\/clint-logo-jotun.png\" alt=\"Our Client\">\r\n\t\t\t\t\t\t\t<\/a>\r\n\t\t\t\t        <\/div><div class=\"col-md-3 col-sm-3 col-xs-6 test-part-logo\">\r\n\t\t\t\t\t\t\t<a href=\"\">\r\n\t\t\t\t\t\t\t\t<img decoding=\"async\" src=\"https:\/\/kdcmuhendislik.com\/wp-content\/uploads\/2017\/03\/clint-logo-statix.png\" alt=\"Our Client\">\r\n\t\t\t\t\t\t\t<\/a>\r\n\t\t\t\t        <\/div>\r\n\t\t\t<\/div>\r\n\t\t<\/section>[\/vc_column][\/vc_row]<\/p>\n","protected":false},"excerpt":{"rendered":"<p>[vc_row css_animation=&#8221;fadeInUp&#8221; css=&#8221;.vc_custom_1504524447108{padding-bottom: 150px !important;}&#8221;][vc_column][vc_empty_space height=&#8221;25px&#8221;][vc_empty_space height=&#8221;25px&#8221;][\/vc_column][\/vc_row]<\/p>\n","protected":false},"author":1,"featured_media":0,"parent":0,"menu_order":0,"comment_status":"closed","ping_status":"closed","template":"templates\/vc-page-template.php","meta":{"footnotes":""},"class_list":["post-606","page","type-page","status-publish","hentry"],"_links":{"self":[{"href":"https:\/\/kdcmuhendislik.com\/index.php\/wp-json\/wp\/v2\/pages\/606","targetHints":{"allow":["GET"]}}],"collection":[{"href":"https:\/\/kdcmuhendislik.com\/index.php\/wp-json\/wp\/v2\/pages"}],"about":[{"href":"https:\/\/kdcmuhendislik.com\/index.php\/wp-json\/wp\/v2\/types\/page"}],"author":[{"embeddable":true,"href":"https:\/\/kdcmuhendislik.com\/index.php\/wp-json\/wp\/v2\/users\/1"}],"replies":[{"embeddable":true,"href":"https:\/\/kdcmuhendislik.com\/index.php\/wp-json\/wp\/v2\/comments?post=606"}],"version-history":[{"count":21,"href":"https:\/\/kdcmuhendislik.com\/index.php\/wp-json\/wp\/v2\/pages\/606\/revisions"}],"predecessor-version":[{"id":1499,"href":"https:\/\/kdcmuhendislik.com\/index.php\/wp-json\/wp\/v2\/pages\/606\/revisions\/1499"}],"wp:attachment":[{"href":"https:\/\/kdcmuhendislik.com\/index.php\/wp-json\/wp\/v2\/media?parent=606"}],"curies":[{"name":"wp","href":"https:\/\/api.w.org\/{rel}","templated":true}]}}