{"id":587,"date":"2017-03-09T09:45:28","date_gmt":"2017-03-09T09:45:28","guid":{"rendered":"http:\/\/www.hirewordpressdeveloper.in\/themes\/construction\/?page_id=587"},"modified":"2022-12-14T11:34:13","modified_gmt":"2022-12-14T08:34:13","slug":"iletisim","status":"publish","type":"page","link":"https:\/\/kdcmuhendislik.com\/index.php\/iletisim\/","title":{"rendered":"\u0130leti\u015fim"},"content":{"rendered":"<p>[vc_row css=&#8221;.vc_custom_1489053346283{padding-top: 55px !important;padding-bottom: 55px !important;}&#8221;][vc_column width=&#8221;4\/12&#8243;]<div class=\"text-left\"><h4 style=\"color:\">B\u0130ZE ULA\u015eIN<\/h4><div class=\"edge-seprator\"><\/div><\/div>[vc_column_text]<\/p>\n<p style=\"text-align: left;\">Bizimle sosyal medya kanallar\u0131m\u0131z arac\u0131l\u0131\u011f\u0131 ile de ileti\u015fim kurabilirsiniz.<br \/>\nSosyal medya hesaplar\u0131m\u0131za web sitemizin sa\u011f \u00fcst k\u00f6\u015fesindeki ba\u011flant\u0131lardan ula\u015fabilirsiniz.<\/p>\n<p>[\/vc_column_text]<div class=\"text-left\"><h4 style=\"color:\">ADRES<\/h4><div class=\"edge-seprator\"><\/div><\/div>[vc_column_text]Saray Mahallesi 1. Cadde<br \/>\nNo:38\/B<br \/>\nKahramankazan &#8211; Ankara<\/p>\n<p>Tel: +90 (312) 395 42 95<br \/>\nFax: +90 (312) 395 42 99<\/p>\n<p>info@kdcmuhendislik.com[\/vc_column_text]<div class=\"text-left\"><h4 style=\"color:\">\u00c7ALI\u015eMA SAATLER\u0130M\u0130Z<\/h4><div class=\"edge-seprator\"><\/div><\/div>[vc_column_text]<\/p>\n<p style=\"text-align: left;\">Pazartesi &#8211; Cuma: 08:00 &#8211; 18:00<br \/>\nCumartesi &#8211; Pazar : Kapal\u0131<\/p>\n<p>[\/vc_column_text][\/vc_column][vc_column width=&#8221;8\/12&#8243;]<div class=\"text-left\"><h3 style=\"color:\">B\u0130ZE YAZIN<\/h3><div class=\"edge-seprator\"><\/div><\/div>[vc_column_text]Hizmetlerimiz ve \u00e7al\u0131\u015fmalar\u0131m\u0131z hakk\u0131nda sorular\u0131n\u0131z, \u00f6neri ve g\u00f6r\u00fc\u015fleriniz i\u00e7in buradan bizlere mesajlar\u0131n\u0131z\u0131 iletebilirsiniz. Yetkililerimiz verdi\u011finiz ileti\u015fim kanallar\u0131ndan en k\u0131sa s\u00fcrede sizlere ula\u015facaklard\u0131r.[\/vc_column_text]\n<div class=\"wpcf7 no-js\" id=\"wpcf7-f4-o1\" lang=\"en-US\" dir=\"ltr\" data-wpcf7-id=\"4\">\n<div class=\"screen-reader-response\"><p role=\"status\" aria-live=\"polite\" aria-atomic=\"true\"><\/p> <ul><\/ul><\/div>\n<form action=\"\/index.php\/wp-json\/wp\/v2\/pages\/587#wpcf7-f4-o1\" method=\"post\" class=\"wpcf7-form init\" aria-label=\"Contact form\" novalidate=\"novalidate\" data-status=\"init\">\n<fieldset class=\"hidden-fields-container\"><input type=\"hidden\" name=\"_wpcf7\" value=\"4\" \/><input type=\"hidden\" name=\"_wpcf7_version\" value=\"6.1.4\" \/><input type=\"hidden\" name=\"_wpcf7_locale\" value=\"en_US\" \/><input type=\"hidden\" name=\"_wpcf7_unit_tag\" value=\"wpcf7-f4-o1\" \/><input type=\"hidden\" name=\"_wpcf7_container_post\" value=\"0\" \/><input type=\"hidden\" name=\"_wpcf7_posted_data_hash\" value=\"\" \/>\n<\/fieldset>\n<p><label> \u0130sminiz (zorunlu alan)<br \/>\n<span class=\"wpcf7-form-control-wrap\" data-name=\"your-name\"><input size=\"40\" maxlength=\"400\" class=\"wpcf7-form-control wpcf7-text wpcf7-validates-as-required\" aria-required=\"true\" aria-invalid=\"false\" value=\"\" type=\"text\" name=\"your-name\" \/><\/span> <\/label>\n<\/p>\n<p><label> E-mail Adresiniz (zorunlu alan)<br \/>\n<span class=\"wpcf7-form-control-wrap\" data-name=\"your-email\"><input size=\"40\" maxlength=\"400\" class=\"wpcf7-form-control wpcf7-email wpcf7-validates-as-required wpcf7-text wpcf7-validates-as-email\" aria-required=\"true\" aria-invalid=\"false\" value=\"\" type=\"email\" name=\"your-email\" \/><\/span> <\/label>\n<\/p>\n<p><label> Konu<br \/>\n<span class=\"wpcf7-form-control-wrap\" data-name=\"your-subject\"><input size=\"40\" maxlength=\"400\" class=\"wpcf7-form-control wpcf7-text\" aria-invalid=\"false\" value=\"\" type=\"text\" name=\"your-subject\" \/><\/span> <\/label>\n<\/p>\n<p><label> Mesaj\u0131n\u0131z<br \/>\n<span class=\"wpcf7-form-control-wrap\" data-name=\"your-message\"><textarea cols=\"40\" rows=\"10\" maxlength=\"2000\" class=\"wpcf7-form-control wpcf7-textarea\" aria-invalid=\"false\" name=\"your-message\"><\/textarea><\/span> <\/label>\n<\/p>\n<p><input class=\"wpcf7-form-control wpcf7-submit has-spinner\" type=\"submit\" value=\"G\u00f6nder\" \/>\n<\/p><p style=\"display: none !important;\" class=\"akismet-fields-container\" data-prefix=\"_wpcf7_ak_\"><label>&#916;<textarea name=\"_wpcf7_ak_hp_textarea\" cols=\"45\" rows=\"8\" maxlength=\"100\"><\/textarea><\/label><input type=\"hidden\" id=\"ak_js_1\" name=\"_wpcf7_ak_js\" value=\"210\"\/><script>document.getElementById( \"ak_js_1\" ).setAttribute( \"value\", ( new Date() ).getTime() );<\/script><\/p><div class=\"wpcf7-response-output\" aria-hidden=\"true\"><\/div>\n<\/form>\n<\/div>\n[\/vc_column][\/vc_row][vc_row full_width=&#8221;stretch_row_content_no_spaces&#8221;][vc_column][vc_gmaps link=&#8221;#E-8_JTNDaWZyYW1lJTIwc3JjJTNEJTIyaHR0cHMlM0ElMkYlMkZ3d3cuZ29vZ2xlLmNvbSUyRm1hcHMlMkZlbWJlZCUzRnBiJTNEJTIxMW0xOCUyMTFtMTIlMjExbTMlMjExZDc2My42MjU2MTAxNDI5OTUyJTIxMmQzMi42MTc1NjU2MjkyMTM2NiUyMTNkNDAuMDQxODg2OTk4NzEzMTMlMjEybTMlMjExZjAlMjEyZjAlMjEzZjAlMjEzbTIlMjExaTEwMjQlMjEyaTc2OCUyMTRmMTMuMSUyMTNtMyUyMTFtMiUyMTFzMHgxNGQzMzZhOGQxZjJjOTEzJTI1M0EweDM1NTMyNDMwZWJjNzFjNTAlMjEyemEyVERweUJ0dzd4b1pXNWthWE5zYVdzJTIxNWUwJTIxM20yJTIxMXN0ciUyMTJzdHIlMjE0djE1NDE3MDE4MjYwNDQlMjIlMjB3aWR0aCUzRCUyMjYwMCUyMiUyMGhlaWdodCUzRCUyMjQ1MCUyMiUyMGZyYW1lYm9yZGVyJTNEJTIyMCUyMiUyMHN0eWxlJTNEJTIyYm9yZGVyJTNBMCUyMiUyMGFsbG93ZnVsbHNjcmVlbiUzRSUzQyUyRmlmcmFtZSUzRQ==&#8221;][\/vc_column][\/vc_row]<\/p>\n","protected":false},"excerpt":{"rendered":"<p>[vc_row css=&#8221;.vc_custom_1489053346283{padding-top: 55px !important;padding-bottom: 55px !important;}&#8221;][vc_column width=&#8221;4\/12&#8243;][vc_column_text] Bizimle sosyal medya kanallar\u0131m\u0131z arac\u0131l\u0131\u011f\u0131 ile de ileti\u015fim kurabilirsiniz. Sosyal medya hesaplar\u0131m\u0131za web sitemizin sa\u011f \u00fcst k\u00f6\u015fesindeki ba\u011flant\u0131lardan ula\u015fabilirsiniz. [\/vc_column_text][vc_column_text]Saray Mahallesi 1. Cadde No:38\/B Kahramankazan &#8211; Ankara Tel: +90 (312) 395 42 95 Fax: +90 (312) 395 42 99 info@kdcmuhendislik.com[\/vc_column_text][vc_column_text] Pazartesi &#8211; Cuma: 08:00 &#8211; 18:00 Cumartesi &#8211; [&hellip;]<\/p>\n","protected":false},"author":1,"featured_media":0,"parent":0,"menu_order":0,"comment_status":"closed","ping_status":"closed","template":"templates\/vc-page-template.php","meta":{"footnotes":""},"class_list":["post-587","page","type-page","status-publish","hentry"],"_links":{"self":[{"href":"https:\/\/kdcmuhendislik.com\/index.php\/wp-json\/wp\/v2\/pages\/587","targetHints":{"allow":["GET"]}}],"collection":[{"href":"https:\/\/kdcmuhendislik.com\/index.php\/wp-json\/wp\/v2\/pages"}],"about":[{"href":"https:\/\/kdcmuhendislik.com\/index.php\/wp-json\/wp\/v2\/types\/page"}],"author":[{"embeddable":true,"href":"https:\/\/kdcmuhendislik.com\/index.php\/wp-json\/wp\/v2\/users\/1"}],"replies":[{"embeddable":true,"href":"https:\/\/kdcmuhendislik.com\/index.php\/wp-json\/wp\/v2\/comments?post=587"}],"version-history":[{"count":27,"href":"https:\/\/kdcmuhendislik.com\/index.php\/wp-json\/wp\/v2\/pages\/587\/revisions"}],"predecessor-version":[{"id":5013,"href":"https:\/\/kdcmuhendislik.com\/index.php\/wp-json\/wp\/v2\/pages\/587\/revisions\/5013"}],"wp:attachment":[{"href":"https:\/\/kdcmuhendislik.com\/index.php\/wp-json\/wp\/v2\/media?parent=587"}],"curies":[{"name":"wp","href":"https:\/\/api.w.org\/{rel}","templated":true}]}}