{"id":443,"date":"2017-03-08T04:58:37","date_gmt":"2017-03-08T04:58:37","guid":{"rendered":"http:\/\/www.hirewordpressdeveloper.in\/themes\/construction\/?page_id=443"},"modified":"2021-06-04T15:16:38","modified_gmt":"2021-06-04T12:16:38","slug":"hizmetlerimiz","status":"publish","type":"page","link":"https:\/\/kdcmuhendislik.com\/index.php\/hizmetlerimiz\/","title":{"rendered":"Hizmetlerimiz"},"content":{"rendered":"<p>[vc_row css_animation=&#8221;fadeInUp&#8221; css=&#8221;.vc_custom_1488949375931{padding-top: 95px !important;padding-bottom: 50px !important;}&#8221;][vc_column]<div class=\"services-main-inner eq-blog-main\"><div class=\"row\">\r\n\t\t\t\t<div class=\"col-md-4 col-sm-6 col-xs-12\">\r\n\t\t\t      \t<div class=\"services-row-list eq-blog-list overlay-outer margin-bottom-50\">\r\n\t\t\t        \t<div class=\"services-image\">\r\n\t\t\t          \t\t<a href=\"https:\/\/kdcmuhendislik.com\/index.php\/service\/tasarim-ve-projelendirme\/\">\r\n\t\t\t            \t\t<img decoding=\"async\" src=\"https:\/\/kdcmuhendislik.com\/wp-content\/uploads\/2018\/12\/kdc_tasarim_hizmeti005-478x310.jpg\" alt=\"Tasar\u0131m ve Projelendirme\">\r\n\t\t\t            \t\t<div class=\"overlay-bg\"><\/div>\r\n\t\t\t          \t\t<\/a>\t\t\t          \t\t\r\n\t\t\t        \t<\/div>\r\n\t\t\t        \t<div class=\"services-content\"><br>\r\n\t\t\t        \t\t<a href=\"https:\/\/kdcmuhendislik.com\/index.php\/service\/tasarim-ve-projelendirme\/\"><h4>Tasar\u0131m ve Projelendirme<\/h4><\/a><p>Kd\u00e7 M\u00fchendislik, geni\u015f tasar\u0131m ekibi ve i\u015f ortaklar\u0131 ile end\u00fcstriyel ekipmanlar, maden ekipmanlar\u0131, yap\u0131sal \u00e7elik i\u015fleri, g\u00fcne\u015f enerjisi sistemleri...<\/p><a href=\"https:\/\/kdcmuhendislik.com\/index.php\/service\/tasarim-ve-projelendirme\/\" class=\"btn-orange\">Daha Fazlas\u0131<\/a>\r\n\t\t\t        \t<\/div>\r\n\t\t\t      \t<\/div>\r\n\t\t\t    <\/div>\r\n\t\t\t\t<div class=\"col-md-4 col-sm-6 col-xs-12\">\r\n\t\t\t      \t<div class=\"services-row-list eq-blog-list overlay-outer margin-bottom-50\">\r\n\t\t\t        \t<div class=\"services-image\">\r\n\t\t\t          \t\t<a href=\"https:\/\/kdcmuhendislik.com\/index.php\/service\/uretim\/\">\r\n\t\t\t            \t\t<img decoding=\"async\" src=\"https:\/\/kdcmuhendislik.com\/wp-content\/uploads\/2018\/09\/Kdc-Sinerjik-Kaynak-Makinasi-001-478x310.jpg\" alt=\"\u00dcretim\">\r\n\t\t\t            \t\t<div class=\"overlay-bg\"><\/div>\r\n\t\t\t          \t\t<\/a>\t\t\t          \t\t\r\n\t\t\t        \t<\/div>\r\n\t\t\t        \t<div class=\"services-content\"><br>\r\n\t\t\t        \t\t<a href=\"https:\/\/kdcmuhendislik.com\/index.php\/service\/uretim\/\"><h4>\u00dcretim<\/h4><\/a><p>Kaynakl\u0131 ve Tala\u015fl\u0131 \u0130malattan, Kumlama, Boya ve Kompozit \u00fcretimine kadar b\u00fct\u00fcn gereksinimlerini kendi kar\u015f\u0131layan, 10 y\u0131l \u00fczeri tecr\u00fcbeye sahip...<\/p><a href=\"https:\/\/kdcmuhendislik.com\/index.php\/service\/uretim\/\" class=\"btn-orange\">Daha Fazlas\u0131<\/a>\r\n\t\t\t        \t<\/div>\r\n\t\t\t      \t<\/div>\r\n\t\t\t    <\/div>\r\n\t\t\t\t<div class=\"col-md-4 col-sm-6 col-xs-12\">\r\n\t\t\t      \t<div class=\"services-row-list eq-blog-list overlay-outer margin-bottom-50\">\r\n\t\t\t        \t<div class=\"services-image\">\r\n\t\t\t          \t\t<a href=\"https:\/\/kdcmuhendislik.com\/index.php\/service\/montaj\/\">\r\n\t\t\t            \t\t<img decoding=\"async\" src=\"https:\/\/kdcmuhendislik.com\/wp-content\/uploads\/2018\/11\/montaj-478x310.jpg\" alt=\"Montaj\">\r\n\t\t\t            \t\t<div class=\"overlay-bg\"><\/div>\r\n\t\t\t          \t\t<\/a>\t\t\t          \t\t\r\n\t\t\t        \t<\/div>\r\n\t\t\t        \t<div class=\"services-content\"><br>\r\n\t\t\t        \t\t<a href=\"https:\/\/kdcmuhendislik.com\/index.php\/service\/montaj\/\"><h4>Montaj<\/h4><\/a><p>Fabrika sahas\u0131nda montaj\u0131 m\u00fcmk\u00fcn olan projeleri fabrika sahas\u0131nda \u00f6n montaj\u0131n\u0131 yaparak teslim eden KD\u00c7 M\u00fchendislik, fabrika montaj\u0131 m\u00fcmk\u00fcn...<\/p><a href=\"https:\/\/kdcmuhendislik.com\/index.php\/service\/montaj\/\" class=\"btn-orange\">Daha Fazlas\u0131<\/a>\r\n\t\t\t        \t<\/div>\r\n\t\t\t      \t<\/div>\r\n\t\t\t    <\/div><\/div><\/div>[\/vc_column][\/vc_row][vc_row full_width=&#8221;stretch_row_content_no_spaces&#8221; parallax=&#8221;content-moving&#8221; parallax_image=&#8221;3470&#8243; css_animation=&#8221;fadeInUp&#8221; css=&#8221;.vc_custom_1622808984626{padding-top: 25px !important;padding-bottom: 155px !important;}&#8221;][vc_column][vc_column_text]<\/p>\n<h2 style=\"text-align: center; color: #ffffff;\">Projenize Hemen Ba\u015flayal\u0131m<\/h2>\n<p style=\"text-align: center; color: #ffffff;\">Hedeflerinize ula\u015fman\u0131za ve i\u015finizi en iyi \u015fekilde tamamlaman\u0131za yard\u0131mc\u0131 olal\u0131m.<\/p>\n<p>[\/vc_column_text]<div class=\"text-center center mvb-button\"><a href=\"http:\/\/kdcmuhendislik.com.tr\/index.php\/iletisim\/\" class=\"btn-orange btn-white btn-shape-square btn-size-medium\" target=\"_self\" id=\"construction-110795775569ff2b2c41433\">B\u0130ZE ULA\u015eIN<\/a><\/div>[\/vc_column][\/vc_row]<\/p>\n","protected":false},"excerpt":{"rendered":"<p>[vc_row css_animation=&#8221;fadeInUp&#8221; css=&#8221;.vc_custom_1488949375931{padding-top: 95px !important;padding-bottom: 50px !important;}&#8221;][vc_column][\/vc_column][\/vc_row][vc_row full_width=&#8221;stretch_row_content_no_spaces&#8221; parallax=&#8221;content-moving&#8221; parallax_image=&#8221;3470&#8243; css_animation=&#8221;fadeInUp&#8221; css=&#8221;.vc_custom_1622808984626{padding-top: 25px !important;padding-bottom: 155px !important;}&#8221;][vc_column][vc_column_text] Projenize Hemen Ba\u015flayal\u0131m Hedeflerinize ula\u015fman\u0131za ve i\u015finizi en iyi \u015fekilde tamamlaman\u0131za yard\u0131mc\u0131 olal\u0131m. [\/vc_column_text][\/vc_column][\/vc_row]<\/p>\n","protected":false},"author":1,"featured_media":0,"parent":0,"menu_order":0,"comment_status":"closed","ping_status":"closed","template":"templates\/vc-page-template.php","meta":{"footnotes":""},"class_list":["post-443","page","type-page","status-publish","hentry"],"_links":{"self":[{"href":"https:\/\/kdcmuhendislik.com\/index.php\/wp-json\/wp\/v2\/pages\/443","targetHints":{"allow":["GET"]}}],"collection":[{"href":"https:\/\/kdcmuhendislik.com\/index.php\/wp-json\/wp\/v2\/pages"}],"about":[{"href":"https:\/\/kdcmuhendislik.com\/index.php\/wp-json\/wp\/v2\/types\/page"}],"author":[{"embeddable":true,"href":"https:\/\/kdcmuhendislik.com\/index.php\/wp-json\/wp\/v2\/users\/1"}],"replies":[{"embeddable":true,"href":"https:\/\/kdcmuhendislik.com\/index.php\/wp-json\/wp\/v2\/comments?post=443"}],"version-history":[{"count":17,"href":"https:\/\/kdcmuhendislik.com\/index.php\/wp-json\/wp\/v2\/pages\/443\/revisions"}],"predecessor-version":[{"id":4948,"href":"https:\/\/kdcmuhendislik.com\/index.php\/wp-json\/wp\/v2\/pages\/443\/revisions\/4948"}],"wp:attachment":[{"href":"https:\/\/kdcmuhendislik.com\/index.php\/wp-json\/wp\/v2\/media?parent=443"}],"curies":[{"name":"wp","href":"https:\/\/api.w.org\/{rel}","templated":true}]}}