{"id":3349,"date":"2018-11-30T13:16:53","date_gmt":"2018-11-30T10:16:53","guid":{"rendered":"http:\/\/kdcmuhendislik.com\/?page_id=3349"},"modified":"2018-12-25T12:51:59","modified_gmt":"2018-12-25T09:51:59","slug":"gunes-enerjisi-santralleri","status":"publish","type":"page","link":"https:\/\/kdcmuhendislik.com\/index.php\/gunes-enerjisi-santralleri\/","title":{"rendered":"G\u00dcNE\u015e ENERJ\u0130S\u0130 SANTRALLER\u0130"},"content":{"rendered":"<p>[vc_row css=&#8221;.vc_custom_1489053346283{padding-top: 55px !important;padding-bottom: 55px !important;}&#8221;][vc_column width=&#8221;3\/12&#8243;]<div class=\"text-left\"><h3 style=\"color:\">PROJELER\u0130M\u0130Z<\/h3><div class=\"edge-seprator\"><\/div><\/div>[vc_empty_space][vc_btn title=&#8221;\u00c7EL\u0130K YAPI&#8221; style=&#8221;outline-custom&#8221; outline_custom_color=&#8221;#666666&#8243; outline_custom_hover_background=&#8221;#ffa000&#8243; outline_custom_hover_text=&#8221;#ffffff&#8221; shape=&#8221;round&#8221; align=&#8221;left&#8221; button_block=&#8221;true&#8221; link=&#8221;url:http%3A%2F%2Fkdcmuhendislik.com%2Findex.php%2Fcelik-yapi%2F|||&#8221;][vc_btn title=&#8221;MADEN EK\u0130PMANLARI&#8221; style=&#8221;outline-custom&#8221; outline_custom_color=&#8221;#666666&#8243; outline_custom_hover_background=&#8221;#ffa000&#8243; outline_custom_hover_text=&#8221;#ffffff&#8221; shape=&#8221;round&#8221; align=&#8221;left&#8221; button_block=&#8221;true&#8221; link=&#8221;url:http%3A%2F%2Fkdcmuhendislik.com%2Findex.php%2Fmaden-ekipmanlari%2F|||&#8221;][vc_btn title=&#8221;END\u00dcSTR\u0130YEL EK\u0130PMANLAR&#8221; style=&#8221;outline-custom&#8221; outline_custom_color=&#8221;#666666&#8243; outline_custom_hover_background=&#8221;#ffa000&#8243; outline_custom_hover_text=&#8221;#ffffff&#8221; shape=&#8221;round&#8221; align=&#8221;left&#8221; button_block=&#8221;true&#8221; link=&#8221;url:http%3A%2F%2Fkdcmuhendislik.com%2Findex.php%2Fendustriyel-ekipmanlar%2F|||&#8221;][vc_btn title=&#8221;SAVUNMA SANAY\u0130&#8221; style=&#8221;outline-custom&#8221; outline_custom_color=&#8221;#666666&#8243; outline_custom_hover_background=&#8221;#ffa000&#8243; outline_custom_hover_text=&#8221;#ffffff&#8221; shape=&#8221;round&#8221; align=&#8221;left&#8221; button_block=&#8221;true&#8221; link=&#8221;url:http%3A%2F%2Fkdcmuhendislik.com%2Findex.php%2Fsavunma-sanayi%2F|||&#8221;][vc_btn title=&#8221;G\u00dcNE\u015e ENERJ\u0130S\u0130 SANTRALLER\u0130&#8221; style=&#8221;outline-custom&#8221; outline_custom_color=&#8221;#ffa000&#8243; outline_custom_hover_background=&#8221;#ffa000&#8243; outline_custom_hover_text=&#8221;#ffffff&#8221; shape=&#8221;round&#8221; align=&#8221;left&#8221; button_block=&#8221;true&#8221;][\/vc_column][vc_column width=&#8221;9\/12&#8243;]<div class=\"text-left\"><h3 style=\"color:\">G\u00dcNE\u015e ENERJ\u0130S\u0130 SANTRALLER\u0130<\/h3><div class=\"edge-seprator\"><\/div><\/div>[vc_row_inner][vc_column_inner][vc_column_text]<strong>SOLTRA ENERJ\u0130 LTD. \u015eT\u0130. \/ R&amp;P M\u00dcHEND\u0130SL\u0130K LTD. \u015eT\u0130.<\/strong>[\/vc_column_text][vc_gallery interval=&#8221;3&#8243; images=&#8221;3605,3609,3613,3617,3621,3625,3629,3633,3637,3641,3645&#8243; img_size=&#8221;800&#215;450&#8243;][vc_separator][vc_column_text]<em><strong>G\u00dcNE\u015e ENERJ\u0130S\u0130 SANTRAL\u0130 \u00c7EL\u0130K KONSTR\u00dcKS\u0130YON \u0130MALATI<\/strong><\/em>[\/vc_column_text][vc_column_text]<\/p>\n<p style=\"text-align: justify;\">Enerji sekt\u00f6r\u00fcnde yer alan <em><strong>Soltra Enerji Ltd. \u015eti. <\/strong><\/em>ve<em><strong> R&amp;P M\u00fchendislik Ltd. \u015eti.<\/strong><\/em>\u00a0firmas\u0131 ile 2014 y\u0131l\u0131ndan bu yana Ankara, K\u0131rklareli ve Tekirda\u011f merkezli olmak \u00fczere T\u00fcrkiye&#8217;nin d\u00f6rt bir taraf\u0131nda 30 kW ile 1 mW aras\u0131ndaki \u00e7ok say\u0131da GES kurulumunda i\u015fbirli\u011fi yap\u0131lm\u0131\u015ft\u0131r.<\/p>\n<p style=\"text-align: justify;\">Firmaya \u00e7elik konstr\u00fcksiyon tasar\u0131m ve projelendirme hizmetinin yan\u0131nda \u00fcretim ve saha montaj\u0131 hizmeti de taraf\u0131m\u0131zdan verilmi\u015ftir.<\/p>\n<p>Santral ve sulama projeleri gibi \u00e7ok \u00e7e\u015fitli boyutlarda bir\u00e7ok projenin\u00a0\u00e7elik projelendirme, \u00fcretim ve montaj i\u015flerinde birlikte \u00e7al\u0131\u015ft\u0131\u011f\u0131m\u0131z Soltra Enerji Ltd. \u015eti. ve R&amp;P M\u00fchendislik Ltd. \u015eti. firmalar\u0131 ile \u00f6n\u00fcm\u00fczdeki s\u00fcre\u00e7te de i\u015fbirli\u011fimizi devam ettirerek enerji sekt\u00f6r\u00fcne katk\u0131m\u0131z\u0131 s\u00fcrd\u00fcrmeye devam edece\u011fiz.[\/vc_column_text][vc_separator][\/vc_column_inner][\/vc_row_inner][\/vc_column][\/vc_row][vc_row full_width=&#8221;stretch_row_content_no_spaces&#8221;][vc_column][vc_gmaps link=&#8221;#E-8_JTNDaWZyYW1lJTIwc3JjJTNEJTIyaHR0cHMlM0ElMkYlMkZ3d3cuZ29vZ2xlLmNvbSUyRm1hcHMlMkZlbWJlZCUzRnBiJTNEJTIxMW0xOCUyMTFtMTIlMjExbTMlMjExZDc2My42MjU2MTAxNDI5OTUyJTIxMmQzMi42MTc1NjU2MjkyMTM2NiUyMTNkNDAuMDQxODg2OTk4NzEzMTMlMjEybTMlMjExZjAlMjEyZjAlMjEzZjAlMjEzbTIlMjExaTEwMjQlMjEyaTc2OCUyMTRmMTMuMSUyMTNtMyUyMTFtMiUyMTFzMHgxNGQzMzZhOGQxZjJjOTEzJTI1M0EweDM1NTMyNDMwZWJjNzFjNTAlMjEyemEyVERweUJ0dzd4b1pXNWthWE5zYVdzJTIxNWUwJTIxM20yJTIxMXN0ciUyMTJzdHIlMjE0djE1NDE3MDE4MjYwNDQlMjIlMjB3aWR0aCUzRCUyMjYwMCUyMiUyMGhlaWdodCUzRCUyMjQ1MCUyMiUyMGZyYW1lYm9yZGVyJTNEJTIyMCUyMiUyMHN0eWxlJTNEJTIyYm9yZGVyJTNBMCUyMiUyMGFsbG93ZnVsbHNjcmVlbiUzRSUzQyUyRmlmcmFtZSUzRQ==&#8221;][\/vc_column][\/vc_row]<\/p>\n","protected":false},"excerpt":{"rendered":"<p>[vc_row css=&#8221;.vc_custom_1489053346283{padding-top: 55px !important;padding-bottom: 55px !important;}&#8221;][vc_column width=&#8221;3\/12&#8243;][vc_empty_space][vc_btn title=&#8221;\u00c7EL\u0130K YAPI&#8221; style=&#8221;outline-custom&#8221; outline_custom_color=&#8221;#666666&#8243; outline_custom_hover_background=&#8221;#ffa000&#8243; outline_custom_hover_text=&#8221;#ffffff&#8221; shape=&#8221;round&#8221; align=&#8221;left&#8221; button_block=&#8221;true&#8221; link=&#8221;url:http%3A%2F%2Fkdcmuhendislik.com%2Findex.php%2Fcelik-yapi%2F|||&#8221;][vc_btn title=&#8221;MADEN EK\u0130PMANLARI&#8221; style=&#8221;outline-custom&#8221; outline_custom_color=&#8221;#666666&#8243; outline_custom_hover_background=&#8221;#ffa000&#8243; outline_custom_hover_text=&#8221;#ffffff&#8221; shape=&#8221;round&#8221; align=&#8221;left&#8221; button_block=&#8221;true&#8221; link=&#8221;url:http%3A%2F%2Fkdcmuhendislik.com%2Findex.php%2Fmaden-ekipmanlari%2F|||&#8221;][vc_btn title=&#8221;END\u00dcSTR\u0130YEL EK\u0130PMANLAR&#8221; style=&#8221;outline-custom&#8221; outline_custom_color=&#8221;#666666&#8243; outline_custom_hover_background=&#8221;#ffa000&#8243; outline_custom_hover_text=&#8221;#ffffff&#8221; shape=&#8221;round&#8221; align=&#8221;left&#8221; button_block=&#8221;true&#8221; link=&#8221;url:http%3A%2F%2Fkdcmuhendislik.com%2Findex.php%2Fendustriyel-ekipmanlar%2F|||&#8221;][vc_btn title=&#8221;SAVUNMA SANAY\u0130&#8221; style=&#8221;outline-custom&#8221; outline_custom_color=&#8221;#666666&#8243; outline_custom_hover_background=&#8221;#ffa000&#8243; outline_custom_hover_text=&#8221;#ffffff&#8221; shape=&#8221;round&#8221; align=&#8221;left&#8221; button_block=&#8221;true&#8221; link=&#8221;url:http%3A%2F%2Fkdcmuhendislik.com%2Findex.php%2Fsavunma-sanayi%2F|||&#8221;][vc_btn title=&#8221;G\u00dcNE\u015e ENERJ\u0130S\u0130 SANTRALLER\u0130&#8221; style=&#8221;outline-custom&#8221; outline_custom_color=&#8221;#ffa000&#8243; outline_custom_hover_background=&#8221;#ffa000&#8243; outline_custom_hover_text=&#8221;#ffffff&#8221; shape=&#8221;round&#8221; [&hellip;]<\/p>\n","protected":false},"author":1,"featured_media":0,"parent":0,"menu_order":0,"comment_status":"closed","ping_status":"closed","template":"templates\/vc-page-template.php","meta":{"footnotes":""},"class_list":["post-3349","page","type-page","status-publish","hentry"],"_links":{"self":[{"href":"https:\/\/kdcmuhendislik.com\/index.php\/wp-json\/wp\/v2\/pages\/3349","targetHints":{"allow":["GET"]}}],"collection":[{"href":"https:\/\/kdcmuhendislik.com\/index.php\/wp-json\/wp\/v2\/pages"}],"about":[{"href":"https:\/\/kdcmuhendislik.com\/index.php\/wp-json\/wp\/v2\/types\/page"}],"author":[{"embeddable":true,"href":"https:\/\/kdcmuhendislik.com\/index.php\/wp-json\/wp\/v2\/users\/1"}],"replies":[{"embeddable":true,"href":"https:\/\/kdcmuhendislik.com\/index.php\/wp-json\/wp\/v2\/comments?post=3349"}],"version-history":[{"count":11,"href":"https:\/\/kdcmuhendislik.com\/index.php\/wp-json\/wp\/v2\/pages\/3349\/revisions"}],"predecessor-version":[{"id":3652,"href":"https:\/\/kdcmuhendislik.com\/index.php\/wp-json\/wp\/v2\/pages\/3349\/revisions\/3652"}],"wp:attachment":[{"href":"https:\/\/kdcmuhendislik.com\/index.php\/wp-json\/wp\/v2\/media?parent=3349"}],"curies":[{"name":"wp","href":"https:\/\/api.w.org\/{rel}","templated":true}]}}