{"id":3347,"date":"2018-11-30T13:16:02","date_gmt":"2018-11-30T10:16:02","guid":{"rendered":"http:\/\/kdcmuhendislik.com\/?page_id=3347"},"modified":"2018-12-28T13:19:46","modified_gmt":"2018-12-28T10:19:46","slug":"savunma-sanayi","status":"publish","type":"page","link":"https:\/\/kdcmuhendislik.com\/index.php\/savunma-sanayi\/","title":{"rendered":"SAVUNMA SANAY\u0130"},"content":{"rendered":"<p>[vc_row css=&#8221;.vc_custom_1489053346283{padding-top: 55px !important;padding-bottom: 55px !important;}&#8221;][vc_column width=&#8221;3\/12&#8243;]<div class=\"text-left\"><h3 style=\"color:\">PROJELER\u0130M\u0130Z<\/h3><div class=\"edge-seprator\"><\/div><\/div>[vc_empty_space][vc_btn title=&#8221;\u00c7EL\u0130K YAPI&#8221; style=&#8221;outline-custom&#8221; outline_custom_color=&#8221;#666666&#8243; outline_custom_hover_background=&#8221;#ffa000&#8243; outline_custom_hover_text=&#8221;#ffffff&#8221; shape=&#8221;round&#8221; align=&#8221;left&#8221; button_block=&#8221;true&#8221; link=&#8221;url:http%3A%2F%2Fkdcmuhendislik.com%2Findex.php%2Fcelik-yapi%2F|||&#8221;][vc_btn title=&#8221;MADEN EK\u0130PMANLARI&#8221; style=&#8221;outline-custom&#8221; outline_custom_color=&#8221;#666666&#8243; outline_custom_hover_background=&#8221;#ffa000&#8243; outline_custom_hover_text=&#8221;#ffffff&#8221; shape=&#8221;round&#8221; align=&#8221;left&#8221; button_block=&#8221;true&#8221; link=&#8221;url:http%3A%2F%2Fkdcmuhendislik.com%2Findex.php%2Fmaden-ekipmanlari%2F|||&#8221;][vc_btn title=&#8221;END\u00dcSTR\u0130YEL EK\u0130PMANLAR&#8221; style=&#8221;outline-custom&#8221; outline_custom_color=&#8221;#666666&#8243; outline_custom_hover_background=&#8221;#ffa000&#8243; outline_custom_hover_text=&#8221;#ffffff&#8221; shape=&#8221;round&#8221; align=&#8221;left&#8221; button_block=&#8221;true&#8221; link=&#8221;url:http%3A%2F%2Fkdcmuhendislik.com%2Findex.php%2Fendustriyel-ekipmanlar%2F|||&#8221;][vc_btn title=&#8221;SAVUNMA SANAY\u0130&#8221; style=&#8221;outline-custom&#8221; outline_custom_color=&#8221;#ffa000&#8243; outline_custom_hover_background=&#8221;#ffa000&#8243; outline_custom_hover_text=&#8221;#ffffff&#8221; shape=&#8221;round&#8221; align=&#8221;left&#8221; button_block=&#8221;true&#8221;][vc_btn title=&#8221;G\u00dcNE\u015e ENERJ\u0130S\u0130 SANTRALLER\u0130&#8221; style=&#8221;outline-custom&#8221; outline_custom_color=&#8221;#666666&#8243; outline_custom_hover_background=&#8221;#ffa000&#8243; outline_custom_hover_text=&#8221;#ffffff&#8221; shape=&#8221;round&#8221; align=&#8221;left&#8221; button_block=&#8221;true&#8221; link=&#8221;url:http%3A%2F%2Fkdcmuhendislik.com%2Findex.php%2Fgunes-enerjisi-santralleri%2F|||&#8221;][\/vc_column][vc_column width=&#8221;9\/12&#8243;]<div class=\"text-left\"><h3 style=\"color:\">SAVUNMA SANAY\u0130<\/h3><div class=\"edge-seprator\"><\/div><\/div>[vc_row_inner][vc_column_inner][vc_column_text]<strong>NUROL MAK\u0130NA A.\u015e. \/ NUROL TEKNOLOJ\u0130 A.\u015e.\/ HAVELSAN A.\u015e.<\/strong>[\/vc_column_text][vc_gallery interval=&#8221;3&#8243; images=&#8221;3988,3992,3996,4000,4004,4008,4012&#8243; img_size=&#8221;650&#215;400&#8243;][vc_separator][vc_column_text]<em><strong>TOMA \u015eASE PAR\u00c7A \u0130MALATLARI &#8211; NUROL MAK\u0130NA A.\u015e.<\/strong><\/em><\/p>\n<p><em><strong>Nurol Makina A.\u015e.<\/strong><\/em> b\u00fcnyesinde <em><strong>T.C.\u00a0<\/strong><strong>Emniyet Genel M\u00fcd\u00fcrl\u00fc\u011f\u00fc<\/strong><\/em> i\u00e7in \u00fcretimi yap\u0131lan Toplumsal Olaylara M\u00fcdahale Arac\u0131\u2019n\u0131n (Toma) \u015fase par\u00e7a imalatlar\u0131 2014 y\u0131l\u0131ndan bu yana firmam\u0131z b\u00fcnyesinde \u00fcretimimiz devam etmektedir.<\/p>\n<p>2014 Y\u0131l\u0131ndan bu yana toplamda 200 adet z\u0131rhl\u0131 toma \u015fase par\u00e7as\u0131 v.b. z\u0131rhl\u0131, kaynakl\u0131 par\u00e7a imalatlar\u0131 ba\u015far\u0131 ile yap\u0131larak teslim edilmi\u015ftir.[\/vc_column_text][vc_separator][vc_column_text]<em><strong>EJDER YAL\u00c7IN ZIRHLI PERSONEL TA\u015eIMA ARACI PAR\u00c7A \u0130MALATLARI &#8211; NUROL MAK\u0130NA A.\u015e.<\/strong><\/em><\/p>\n<p style=\"text-align: justify;\"><em><strong>Nurol Makina A.\u015e.<\/strong><\/em> b\u00fcnyesinde \u00fcretilen Ejder Yal\u00e7\u0131n Z\u0131rhl\u0131 Personel Ta\u015f\u0131ma Arac\u0131 Yak\u0131t depolar\u0131 ve patlama bas\u0131nc\u0131n\u0131 absorbe eden koruma saclar\u0131n\u0131n imalat\u0131 firmam\u0131z b\u00fcnyesinde 2014 y\u0131l\u0131ndan bu yana \u00fcretimimiz devam etmektedir.<\/p>\n<p>[\/vc_column_text][vc_separator][vc_column_text]<em><strong>ZIRHLI KONTEYNER \u00dcRET\u0130M\u0130 &#8211; NUROL TEKNOLOJ\u0130 A.\u015e.<\/strong><\/em><\/p>\n<p style=\"text-align: justify;\"><em><strong>Nurol Teknoloji A.\u015e.<\/strong><\/em> i\u00e7in 2017 y\u0131l\u0131 i\u00e7erisinde z\u0131rhl\u0131 konteyner projesinin imalat, montaj, boya ve elektrik dahil \u00fcretimi kendi b\u00fcnyemizde toplam 5 adet \u00fcretilerek teslim edilmi\u015ftir.<\/p>\n<p>[\/vc_column_text][vc_separator][vc_column_text]<em><strong>VISUAL TA\u015eIMA APARATI \u0130MALATI &#8211; HAVELSAN A.\u015e.<\/strong><\/em><\/p>\n<p style=\"text-align: justify;\"><em><strong>Havelsan\u00a0A.\u015e.<\/strong><\/em> Visual ta\u015f\u0131ma aparat\u0131 imalat\u0131 ve montaj\u0131 2017 y\u0131l\u0131n\u0131n May\u0131s ay\u0131nda \u00fcretilerek teslim edilmi\u015ftir.<\/p>\n<p>[\/vc_column_text][vc_separator][vc_column_text]<em><strong>ATAK HEL\u0130KOPTER\u0130 S\u0130M\u0130LAT\u00d6R KOKP\u0130T, KABUK VE PEDAL GRUBU \u0130MALATI &#8211; HAVELSAN A.\u015e.<\/strong><\/em><\/p>\n<p style=\"text-align: justify;\"><em><strong>Havelsan Umtas Projesi<\/strong><\/em> kapsam\u0131nda 2 adet Atak Helikopteri Similat\u00f6r Kokpit, Kabuk ve Pedal Grubu imalat\u0131 halen devam etmektedir, teslim zaman\u0131 Ocak-2018\u2019dir.<\/p>\n<p>[\/vc_column_text][\/vc_column_inner][\/vc_row_inner][\/vc_column][\/vc_row][vc_row full_width=&#8221;stretch_row_content_no_spaces&#8221;][vc_column][vc_gmaps link=&#8221;#E-8_JTNDaWZyYW1lJTIwc3JjJTNEJTIyaHR0cHMlM0ElMkYlMkZ3d3cuZ29vZ2xlLmNvbSUyRm1hcHMlMkZlbWJlZCUzRnBiJTNEJTIxMW0xOCUyMTFtMTIlMjExbTMlMjExZDc2My42MjU2MTAxNDI5OTUyJTIxMmQzMi42MTc1NjU2MjkyMTM2NiUyMTNkNDAuMDQxODg2OTk4NzEzMTMlMjEybTMlMjExZjAlMjEyZjAlMjEzZjAlMjEzbTIlMjExaTEwMjQlMjEyaTc2OCUyMTRmMTMuMSUyMTNtMyUyMTFtMiUyMTFzMHgxNGQzMzZhOGQxZjJjOTEzJTI1M0EweDM1NTMyNDMwZWJjNzFjNTAlMjEyemEyVERweUJ0dzd4b1pXNWthWE5zYVdzJTIxNWUwJTIxM20yJTIxMXN0ciUyMTJzdHIlMjE0djE1NDE3MDE4MjYwNDQlMjIlMjB3aWR0aCUzRCUyMjYwMCUyMiUyMGhlaWdodCUzRCUyMjQ1MCUyMiUyMGZyYW1lYm9yZGVyJTNEJTIyMCUyMiUyMHN0eWxlJTNEJTIyYm9yZGVyJTNBMCUyMiUyMGFsbG93ZnVsbHNjcmVlbiUzRSUzQyUyRmlmcmFtZSUzRQ==&#8221;][\/vc_column][\/vc_row]<\/p>\n","protected":false},"excerpt":{"rendered":"<p>[vc_row css=&#8221;.vc_custom_1489053346283{padding-top: 55px !important;padding-bottom: 55px !important;}&#8221;][vc_column width=&#8221;3\/12&#8243;][vc_empty_space][vc_btn title=&#8221;\u00c7EL\u0130K YAPI&#8221; style=&#8221;outline-custom&#8221; outline_custom_color=&#8221;#666666&#8243; outline_custom_hover_background=&#8221;#ffa000&#8243; outline_custom_hover_text=&#8221;#ffffff&#8221; shape=&#8221;round&#8221; align=&#8221;left&#8221; button_block=&#8221;true&#8221; link=&#8221;url:http%3A%2F%2Fkdcmuhendislik.com%2Findex.php%2Fcelik-yapi%2F|||&#8221;][vc_btn title=&#8221;MADEN EK\u0130PMANLARI&#8221; style=&#8221;outline-custom&#8221; outline_custom_color=&#8221;#666666&#8243; outline_custom_hover_background=&#8221;#ffa000&#8243; outline_custom_hover_text=&#8221;#ffffff&#8221; shape=&#8221;round&#8221; align=&#8221;left&#8221; button_block=&#8221;true&#8221; link=&#8221;url:http%3A%2F%2Fkdcmuhendislik.com%2Findex.php%2Fmaden-ekipmanlari%2F|||&#8221;][vc_btn title=&#8221;END\u00dcSTR\u0130YEL EK\u0130PMANLAR&#8221; style=&#8221;outline-custom&#8221; outline_custom_color=&#8221;#666666&#8243; outline_custom_hover_background=&#8221;#ffa000&#8243; outline_custom_hover_text=&#8221;#ffffff&#8221; shape=&#8221;round&#8221; align=&#8221;left&#8221; button_block=&#8221;true&#8221; link=&#8221;url:http%3A%2F%2Fkdcmuhendislik.com%2Findex.php%2Fendustriyel-ekipmanlar%2F|||&#8221;][vc_btn title=&#8221;SAVUNMA SANAY\u0130&#8221; style=&#8221;outline-custom&#8221; outline_custom_color=&#8221;#ffa000&#8243; outline_custom_hover_background=&#8221;#ffa000&#8243; outline_custom_hover_text=&#8221;#ffffff&#8221; shape=&#8221;round&#8221; align=&#8221;left&#8221; button_block=&#8221;true&#8221;][vc_btn title=&#8221;G\u00dcNE\u015e ENERJ\u0130S\u0130 SANTRALLER\u0130&#8221; style=&#8221;outline-custom&#8221; outline_custom_color=&#8221;#666666&#8243; outline_custom_hover_background=&#8221;#ffa000&#8243; outline_custom_hover_text=&#8221;#ffffff&#8221; shape=&#8221;round&#8221; align=&#8221;left&#8221; [&hellip;]<\/p>\n","protected":false},"author":1,"featured_media":0,"parent":0,"menu_order":0,"comment_status":"closed","ping_status":"closed","template":"templates\/vc-page-template.php","meta":{"footnotes":""},"class_list":["post-3347","page","type-page","status-publish","hentry"],"_links":{"self":[{"href":"https:\/\/kdcmuhendislik.com\/index.php\/wp-json\/wp\/v2\/pages\/3347","targetHints":{"allow":["GET"]}}],"collection":[{"href":"https:\/\/kdcmuhendislik.com\/index.php\/wp-json\/wp\/v2\/pages"}],"about":[{"href":"https:\/\/kdcmuhendislik.com\/index.php\/wp-json\/wp\/v2\/types\/page"}],"author":[{"embeddable":true,"href":"https:\/\/kdcmuhendislik.com\/index.php\/wp-json\/wp\/v2\/users\/1"}],"replies":[{"embeddable":true,"href":"https:\/\/kdcmuhendislik.com\/index.php\/wp-json\/wp\/v2\/comments?post=3347"}],"version-history":[{"count":16,"href":"https:\/\/kdcmuhendislik.com\/index.php\/wp-json\/wp\/v2\/pages\/3347\/revisions"}],"predecessor-version":[{"id":4157,"href":"https:\/\/kdcmuhendislik.com\/index.php\/wp-json\/wp\/v2\/pages\/3347\/revisions\/4157"}],"wp:attachment":[{"href":"https:\/\/kdcmuhendislik.com\/index.php\/wp-json\/wp\/v2\/media?parent=3347"}],"curies":[{"name":"wp","href":"https:\/\/api.w.org\/{rel}","templated":true}]}}