{"id":3345,"date":"2018-11-30T13:14:55","date_gmt":"2018-11-30T10:14:55","guid":{"rendered":"http:\/\/kdcmuhendislik.com\/?page_id=3345"},"modified":"2018-12-26T13:31:57","modified_gmt":"2018-12-26T10:31:57","slug":"maden-ekipmanlari","status":"publish","type":"page","link":"https:\/\/kdcmuhendislik.com\/index.php\/maden-ekipmanlari\/","title":{"rendered":"MADEN EK\u0130PMANLARI"},"content":{"rendered":"<p>[vc_row css=&#8221;.vc_custom_1489053346283{padding-top: 55px !important;padding-bottom: 55px !important;}&#8221;][vc_column width=&#8221;3\/12&#8243;]<div class=\"text-left\"><h3 style=\"color:\">PROJELER\u0130M\u0130Z<\/h3><div class=\"edge-seprator\"><\/div><\/div>[vc_empty_space][vc_btn title=&#8221;\u00c7EL\u0130K YAPI&#8221; style=&#8221;outline-custom&#8221; outline_custom_color=&#8221;#666666&#8243; outline_custom_hover_background=&#8221;#ffa000&#8243; outline_custom_hover_text=&#8221;#ffffff&#8221; shape=&#8221;round&#8221; align=&#8221;left&#8221; button_block=&#8221;true&#8221; link=&#8221;url:http%3A%2F%2Fkdcmuhendislik.com%2Findex.php%2Fcelik-yapi%2F|||&#8221;][vc_btn title=&#8221;MADEN EK\u0130PMANLARI&#8221; style=&#8221;outline-custom&#8221; outline_custom_color=&#8221;#ffa000&#8243; outline_custom_hover_background=&#8221;#ffa000&#8243; outline_custom_hover_text=&#8221;#ffffff&#8221; shape=&#8221;round&#8221; align=&#8221;left&#8221; button_block=&#8221;true&#8221;][vc_btn title=&#8221;END\u00dcSTR\u0130YEL EK\u0130PMANLAR&#8221; style=&#8221;outline-custom&#8221; outline_custom_color=&#8221;#666666&#8243; outline_custom_hover_background=&#8221;#ffa000&#8243; outline_custom_hover_text=&#8221;#ffffff&#8221; shape=&#8221;round&#8221; align=&#8221;left&#8221; button_block=&#8221;true&#8221; link=&#8221;url:http%3A%2F%2Fkdcmuhendislik.com%2Findex.php%2Fendustriyel-ekipmanlar%2F|||&#8221;][vc_btn title=&#8221;SAVUNMA SANAY\u0130&#8221; style=&#8221;outline-custom&#8221; outline_custom_color=&#8221;#666666&#8243; outline_custom_hover_background=&#8221;#ffa000&#8243; outline_custom_hover_text=&#8221;#ffffff&#8221; shape=&#8221;round&#8221; align=&#8221;left&#8221; button_block=&#8221;true&#8221; link=&#8221;url:http%3A%2F%2Fkdcmuhendislik.com%2Findex.php%2Fsavunma-sanayi%2F|||&#8221;][vc_btn title=&#8221;G\u00dcNE\u015e ENERJ\u0130S\u0130 SANTRALLER\u0130&#8221; style=&#8221;outline-custom&#8221; outline_custom_color=&#8221;#666666&#8243; outline_custom_hover_background=&#8221;#ffa000&#8243; outline_custom_hover_text=&#8221;#ffffff&#8221; shape=&#8221;round&#8221; align=&#8221;left&#8221; button_block=&#8221;true&#8221; link=&#8221;url:http%3A%2F%2Fkdcmuhendislik.com%2Findex.php%2Fgunes-enerjisi-santralleri%2F|||&#8221;][\/vc_column][vc_column width=&#8221;9\/12&#8243;]<div class=\"text-left\"><h3 style=\"color:\">MADEN EK\u0130PMANLARI<\/h3><div class=\"edge-seprator\"><\/div><\/div>[vc_row_inner][vc_column_inner][vc_column_text]<strong>G\u00dcLERMAK A.\u015e. \/ THYSSENKRUPP AG \/ CEYTEK A.\u015e.<\/strong>[\/vc_column_text][vc_gallery interval=&#8221;3&#8243; images=&#8221;4025,4029,4033,4037,4041,4045,4049,4053,4057,4061,4021&#8243; img_size=&#8221;650&#215;400&#8243;][vc_separator][vc_column_text]<em><strong>MADEN EK\u0130PMAN \u00dcRET\u0130M\u0130 &#8211; G\u00dcLERMAK A.\u015e. \/ THYSSENKRUPP AG<\/strong><\/em><\/p>\n<p style=\"text-align: justify;\">2011 y\u0131l\u0131ndan ba\u015flayarak G\u00fclermak A.\u015e. ile \u00fcretim konusunda aral\u0131ks\u0131z \u00e7al\u0131\u015fmaktay\u0131z. Maden sekt\u00f6r\u00fcnde <em><strong>G\u00fclermak A.\u015e.<\/strong><\/em>\u2019nin <em><strong>THYSSENKRUPP AG<\/strong><\/em>\u2019den ald\u0131\u011f\u0131 \u00fcretim projelerinin imalat\u0131n\u0131 G\u00fclermak A.\u015e.\u2019nin onayl\u0131 ta\u015feronu olarak hem G\u00fclermak A.\u015e. hem de THYSSEN KRUPP\u2019UN kalite kontrol\u00fc alt\u0131nda yapmaktay\u0131z.<br \/>\nBahsedilen \u00fcretimin tonaj\u0131 2500 ton \u00fczerinde olup halen \u00fcretimimiz devam etmektedir. Bu \u00fcretimler Bunker, Konveyor, Krein Support, Rock Support vb maden sekt\u00f6r\u00fcnde kullan\u0131lan ekipmanlar\u0131 kapsamaktad\u0131r.<\/p>\n<p>[\/vc_column_text][vc_separator][vc_column_text]<em><strong>Y\u00dcKLEY\u0130C\u0130 VE KAZICI EK\u0130PMAN \u00dcRET\u0130M\u0130 \u2013 CEYTEK A.\u015e.<\/strong><\/em><\/p>\n<p style=\"text-align: justify;\"><em><strong>Ceytek A.\u015e.<\/strong><\/em> i\u00e7in Volvo marka i\u015f makinalar\u0131n\u0131n kullan\u0131m\u0131 i\u00e7in yakla\u015f\u0131k 1500 par\u00e7a ekipman\u0131n \u00fcretimi 2016 y\u0131l\u0131 i\u00e7erisinde tamamlanm\u0131\u015ft\u0131r. \u00dcretimi ger\u00e7ekle\u015ftirilen ekipmanlar\u0131n ana malzemesi Hardox a\u015f\u0131nmaz \u00e7elik malzemedir.<\/p>\n<p>[\/vc_column_text][\/vc_column_inner][\/vc_row_inner][\/vc_column][\/vc_row][vc_row full_width=&#8221;stretch_row_content_no_spaces&#8221;][vc_column][vc_gmaps link=&#8221;#E-8_JTNDaWZyYW1lJTIwc3JjJTNEJTIyaHR0cHMlM0ElMkYlMkZ3d3cuZ29vZ2xlLmNvbSUyRm1hcHMlMkZlbWJlZCUzRnBiJTNEJTIxMW0xOCUyMTFtMTIlMjExbTMlMjExZDc2My42MjU2MTAxNDI5OTUyJTIxMmQzMi42MTc1NjU2MjkyMTM2NiUyMTNkNDAuMDQxODg2OTk4NzEzMTMlMjEybTMlMjExZjAlMjEyZjAlMjEzZjAlMjEzbTIlMjExaTEwMjQlMjEyaTc2OCUyMTRmMTMuMSUyMTNtMyUyMTFtMiUyMTFzMHgxNGQzMzZhOGQxZjJjOTEzJTI1M0EweDM1NTMyNDMwZWJjNzFjNTAlMjEyemEyVERweUJ0dzd4b1pXNWthWE5zYVdzJTIxNWUwJTIxM20yJTIxMXN0ciUyMTJzdHIlMjE0djE1NDE3MDE4MjYwNDQlMjIlMjB3aWR0aCUzRCUyMjYwMCUyMiUyMGhlaWdodCUzRCUyMjQ1MCUyMiUyMGZyYW1lYm9yZGVyJTNEJTIyMCUyMiUyMHN0eWxlJTNEJTIyYm9yZGVyJTNBMCUyMiUyMGFsbG93ZnVsbHNjcmVlbiUzRSUzQyUyRmlmcmFtZSUzRQ==&#8221;][\/vc_column][\/vc_row]<\/p>\n","protected":false},"excerpt":{"rendered":"<p>[vc_row css=&#8221;.vc_custom_1489053346283{padding-top: 55px !important;padding-bottom: 55px !important;}&#8221;][vc_column width=&#8221;3\/12&#8243;][vc_empty_space][vc_btn title=&#8221;\u00c7EL\u0130K YAPI&#8221; style=&#8221;outline-custom&#8221; outline_custom_color=&#8221;#666666&#8243; outline_custom_hover_background=&#8221;#ffa000&#8243; outline_custom_hover_text=&#8221;#ffffff&#8221; shape=&#8221;round&#8221; align=&#8221;left&#8221; button_block=&#8221;true&#8221; link=&#8221;url:http%3A%2F%2Fkdcmuhendislik.com%2Findex.php%2Fcelik-yapi%2F|||&#8221;][vc_btn title=&#8221;MADEN EK\u0130PMANLARI&#8221; style=&#8221;outline-custom&#8221; outline_custom_color=&#8221;#ffa000&#8243; outline_custom_hover_background=&#8221;#ffa000&#8243; outline_custom_hover_text=&#8221;#ffffff&#8221; shape=&#8221;round&#8221; align=&#8221;left&#8221; button_block=&#8221;true&#8221;][vc_btn title=&#8221;END\u00dcSTR\u0130YEL EK\u0130PMANLAR&#8221; style=&#8221;outline-custom&#8221; outline_custom_color=&#8221;#666666&#8243; outline_custom_hover_background=&#8221;#ffa000&#8243; outline_custom_hover_text=&#8221;#ffffff&#8221; shape=&#8221;round&#8221; align=&#8221;left&#8221; button_block=&#8221;true&#8221; link=&#8221;url:http%3A%2F%2Fkdcmuhendislik.com%2Findex.php%2Fendustriyel-ekipmanlar%2F|||&#8221;][vc_btn title=&#8221;SAVUNMA SANAY\u0130&#8221; style=&#8221;outline-custom&#8221; outline_custom_color=&#8221;#666666&#8243; outline_custom_hover_background=&#8221;#ffa000&#8243; outline_custom_hover_text=&#8221;#ffffff&#8221; shape=&#8221;round&#8221; align=&#8221;left&#8221; button_block=&#8221;true&#8221; link=&#8221;url:http%3A%2F%2Fkdcmuhendislik.com%2Findex.php%2Fsavunma-sanayi%2F|||&#8221;][vc_btn title=&#8221;G\u00dcNE\u015e ENERJ\u0130S\u0130 SANTRALLER\u0130&#8221; style=&#8221;outline-custom&#8221; outline_custom_color=&#8221;#666666&#8243; outline_custom_hover_background=&#8221;#ffa000&#8243; outline_custom_hover_text=&#8221;#ffffff&#8221; shape=&#8221;round&#8221; align=&#8221;left&#8221; [&hellip;]<\/p>\n","protected":false},"author":1,"featured_media":0,"parent":0,"menu_order":0,"comment_status":"closed","ping_status":"closed","template":"templates\/vc-page-template.php","meta":{"footnotes":""},"class_list":["post-3345","page","type-page","status-publish","hentry"],"_links":{"self":[{"href":"https:\/\/kdcmuhendislik.com\/index.php\/wp-json\/wp\/v2\/pages\/3345","targetHints":{"allow":["GET"]}}],"collection":[{"href":"https:\/\/kdcmuhendislik.com\/index.php\/wp-json\/wp\/v2\/pages"}],"about":[{"href":"https:\/\/kdcmuhendislik.com\/index.php\/wp-json\/wp\/v2\/types\/page"}],"author":[{"embeddable":true,"href":"https:\/\/kdcmuhendislik.com\/index.php\/wp-json\/wp\/v2\/users\/1"}],"replies":[{"embeddable":true,"href":"https:\/\/kdcmuhendislik.com\/index.php\/wp-json\/wp\/v2\/comments?post=3345"}],"version-history":[{"count":11,"href":"https:\/\/kdcmuhendislik.com\/index.php\/wp-json\/wp\/v2\/pages\/3345\/revisions"}],"predecessor-version":[{"id":4103,"href":"https:\/\/kdcmuhendislik.com\/index.php\/wp-json\/wp\/v2\/pages\/3345\/revisions\/4103"}],"wp:attachment":[{"href":"https:\/\/kdcmuhendislik.com\/index.php\/wp-json\/wp\/v2\/media?parent=3345"}],"curies":[{"name":"wp","href":"https:\/\/api.w.org\/{rel}","templated":true}]}}