{"id":3343,"date":"2018-11-30T13:14:04","date_gmt":"2018-11-30T10:14:04","guid":{"rendered":"http:\/\/kdcmuhendislik.com\/?page_id=3343"},"modified":"2018-12-28T15:18:22","modified_gmt":"2018-12-28T12:18:22","slug":"endustriyel-ekipmanlar","status":"publish","type":"page","link":"https:\/\/kdcmuhendislik.com\/index.php\/endustriyel-ekipmanlar\/","title":{"rendered":"END\u00dcSTR\u0130YEL EK\u0130PMANLAR"},"content":{"rendered":"<p>[vc_row css=&#8221;.vc_custom_1489053346283{padding-top: 55px !important;padding-bottom: 55px !important;}&#8221;][vc_column width=&#8221;3\/12&#8243;]<div class=\"text-left\"><h3 style=\"color:\">PROJELER\u0130M\u0130Z<\/h3><div class=\"edge-seprator\"><\/div><\/div>[vc_empty_space][vc_btn title=&#8221;\u00c7EL\u0130K YAPI&#8221; style=&#8221;outline-custom&#8221; outline_custom_color=&#8221;#666666&#8243; outline_custom_hover_background=&#8221;#ffa000&#8243; outline_custom_hover_text=&#8221;#ffffff&#8221; shape=&#8221;round&#8221; align=&#8221;left&#8221; button_block=&#8221;true&#8221; link=&#8221;url:http%3A%2F%2Fkdcmuhendislik.com%2Findex.php%2Fcelik-yapi%2F|||&#8221;][vc_btn title=&#8221;MADEN EK\u0130PMANLARI&#8221; style=&#8221;outline-custom&#8221; outline_custom_color=&#8221;#666666&#8243; outline_custom_hover_background=&#8221;#ffa000&#8243; outline_custom_hover_text=&#8221;#ffffff&#8221; shape=&#8221;round&#8221; align=&#8221;left&#8221; button_block=&#8221;true&#8221; link=&#8221;url:http%3A%2F%2Fkdcmuhendislik.com%2Findex.php%2Fmaden-ekipmanlari%2F|||&#8221;][vc_btn title=&#8221;END\u00dcSTR\u0130YEL EK\u0130PMANLAR&#8221; style=&#8221;outline-custom&#8221; outline_custom_color=&#8221;#ffa000&#8243; outline_custom_hover_background=&#8221;#ffa000&#8243; outline_custom_hover_text=&#8221;#ffffff&#8221; shape=&#8221;round&#8221; align=&#8221;left&#8221; button_block=&#8221;true&#8221;][vc_btn title=&#8221;SAVUNMA SANAY\u0130&#8221; style=&#8221;outline-custom&#8221; outline_custom_color=&#8221;#666666&#8243; outline_custom_hover_background=&#8221;#ffa000&#8243; outline_custom_hover_text=&#8221;#ffffff&#8221; shape=&#8221;round&#8221; align=&#8221;left&#8221; button_block=&#8221;true&#8221; link=&#8221;url:http%3A%2F%2Fkdcmuhendislik.com%2Findex.php%2Fsavunma-sanayi%2F|||&#8221;][vc_btn title=&#8221;G\u00dcNE\u015e ENERJ\u0130S\u0130 SANTRALLER\u0130&#8221; style=&#8221;outline-custom&#8221; outline_custom_color=&#8221;#666666&#8243; outline_custom_hover_background=&#8221;#ffa000&#8243; outline_custom_hover_text=&#8221;#ffffff&#8221; shape=&#8221;round&#8221; align=&#8221;left&#8221; button_block=&#8221;true&#8221; link=&#8221;url:http%3A%2F%2Fkdcmuhendislik.com%2Findex.php%2Fgunes-enerjisi-santralleri%2F|||&#8221;][\/vc_column][vc_column width=&#8221;9\/12&#8243;]<div class=\"text-left\"><h3 style=\"color:\">END\u00dcSTR\u0130YEL EK\u0130PMANLAR<\/h3><div class=\"edge-seprator\"><\/div><\/div>[vc_row_inner][vc_column_inner][vc_column_text]<strong>G\u00dcLERMAK A.\u015e. \/ CMI \/ SPX \/ ASKA A.\u015e.<\/strong>[\/vc_column_text][vc_gallery interval=&#8221;3&#8243; images=&#8221;3883,3887,3891,3895,3899,3903,3907,3911,3915,3919,3923,3927,3931,3935,3939,3943,3947,3951,3955,3959,3963,3967,3971,3975,3979,3983&#8243; img_size=&#8221;650&#215;400&#8243;][vc_separator][vc_column_text]<em><strong>ENERJ\u0130 SANTRALLER\u0130 EK\u0130PMAN \u00dcRET\u0130M\u0130 \u2013 G\u00dcLERMAK A.\u015e. \/ CMI \/ SPX<\/strong><\/em><\/p>\n<p style=\"text-align: justify;\"><em><strong>G\u00fclermak A.\u015e. CMI<\/strong><\/em> ve <em><strong>SPX<\/strong><\/em> i\u015fleri, hava kanallar\u0131, fan muhafazalar\u0131, t\u00fcrbin binas\u0131 ve yard\u0131mc\u0131 binalar\u0131n yap\u0131sal \u00e7elik \u00fcretimleri firmam\u0131z b\u00fcnyesinde 2011\u2019den beri devam etmektedir. G\u00fclermak A.\u015e. kapsam\u0131nda yap\u0131lan \u00fcretimlerde tahribatl\u0131 ve tahribats\u0131z testler uygulanmaktad\u0131r.<\/p>\n<p>[\/vc_column_text][vc_separator][vc_column_text]<em><strong>HES GRUBU EK\u0130PMAN \u0130MALATLARI \u2013 ASKA \u0130N\u015eAAT A.\u015e.<\/strong><\/em><\/p>\n<p style=\"text-align: justify;\"><em><strong>Aska \u0130n\u015faat A.\u015e.<\/strong><\/em> b\u00fcnyesinde T\u00fcrkiye\u2019nin bir \u00e7ok b\u00f6lgesindeki yap\u0131lan Hidroelektrik santrallerinin kurulum ekipman projeleri hayata ge\u00e7irilmi\u015ftir. Bu \u00fcretim ekipmanlar\u0131 baraj kapaklar\u0131, borulama i\u015fleri, santral binas\u0131 imalatlar\u0131 ve yerinde montaj\u0131 kapsamaktad\u0131r.<\/p>\n<p>[\/vc_column_text][\/vc_column_inner][\/vc_row_inner][\/vc_column][\/vc_row][vc_row full_width=&#8221;stretch_row_content_no_spaces&#8221;][vc_column][vc_gmaps link=&#8221;#E-8_JTNDaWZyYW1lJTIwc3JjJTNEJTIyaHR0cHMlM0ElMkYlMkZ3d3cuZ29vZ2xlLmNvbSUyRm1hcHMlMkZlbWJlZCUzRnBiJTNEJTIxMW0xOCUyMTFtMTIlMjExbTMlMjExZDc2My42MjU2MTAxNDI5OTUyJTIxMmQzMi42MTc1NjU2MjkyMTM2NiUyMTNkNDAuMDQxODg2OTk4NzEzMTMlMjEybTMlMjExZjAlMjEyZjAlMjEzZjAlMjEzbTIlMjExaTEwMjQlMjEyaTc2OCUyMTRmMTMuMSUyMTNtMyUyMTFtMiUyMTFzMHgxNGQzMzZhOGQxZjJjOTEzJTI1M0EweDM1NTMyNDMwZWJjNzFjNTAlMjEyemEyVERweUJ0dzd4b1pXNWthWE5zYVdzJTIxNWUwJTIxM20yJTIxMXN0ciUyMTJzdHIlMjE0djE1NDE3MDE4MjYwNDQlMjIlMjB3aWR0aCUzRCUyMjYwMCUyMiUyMGhlaWdodCUzRCUyMjQ1MCUyMiUyMGZyYW1lYm9yZGVyJTNEJTIyMCUyMiUyMHN0eWxlJTNEJTIyYm9yZGVyJTNBMCUyMiUyMGFsbG93ZnVsbHNjcmVlbiUzRSUzQyUyRmlmcmFtZSUzRQ==&#8221;][\/vc_column][\/vc_row]<\/p>\n","protected":false},"excerpt":{"rendered":"<p>[vc_row css=&#8221;.vc_custom_1489053346283{padding-top: 55px !important;padding-bottom: 55px !important;}&#8221;][vc_column width=&#8221;3\/12&#8243;][vc_empty_space][vc_btn title=&#8221;\u00c7EL\u0130K YAPI&#8221; style=&#8221;outline-custom&#8221; outline_custom_color=&#8221;#666666&#8243; outline_custom_hover_background=&#8221;#ffa000&#8243; outline_custom_hover_text=&#8221;#ffffff&#8221; shape=&#8221;round&#8221; align=&#8221;left&#8221; button_block=&#8221;true&#8221; link=&#8221;url:http%3A%2F%2Fkdcmuhendislik.com%2Findex.php%2Fcelik-yapi%2F|||&#8221;][vc_btn title=&#8221;MADEN EK\u0130PMANLARI&#8221; style=&#8221;outline-custom&#8221; outline_custom_color=&#8221;#666666&#8243; outline_custom_hover_background=&#8221;#ffa000&#8243; outline_custom_hover_text=&#8221;#ffffff&#8221; shape=&#8221;round&#8221; align=&#8221;left&#8221; button_block=&#8221;true&#8221; link=&#8221;url:http%3A%2F%2Fkdcmuhendislik.com%2Findex.php%2Fmaden-ekipmanlari%2F|||&#8221;][vc_btn title=&#8221;END\u00dcSTR\u0130YEL EK\u0130PMANLAR&#8221; style=&#8221;outline-custom&#8221; outline_custom_color=&#8221;#ffa000&#8243; outline_custom_hover_background=&#8221;#ffa000&#8243; outline_custom_hover_text=&#8221;#ffffff&#8221; shape=&#8221;round&#8221; align=&#8221;left&#8221; button_block=&#8221;true&#8221;][vc_btn title=&#8221;SAVUNMA SANAY\u0130&#8221; style=&#8221;outline-custom&#8221; outline_custom_color=&#8221;#666666&#8243; outline_custom_hover_background=&#8221;#ffa000&#8243; outline_custom_hover_text=&#8221;#ffffff&#8221; shape=&#8221;round&#8221; align=&#8221;left&#8221; button_block=&#8221;true&#8221; link=&#8221;url:http%3A%2F%2Fkdcmuhendislik.com%2Findex.php%2Fsavunma-sanayi%2F|||&#8221;][vc_btn title=&#8221;G\u00dcNE\u015e ENERJ\u0130S\u0130 SANTRALLER\u0130&#8221; style=&#8221;outline-custom&#8221; outline_custom_color=&#8221;#666666&#8243; outline_custom_hover_background=&#8221;#ffa000&#8243; outline_custom_hover_text=&#8221;#ffffff&#8221; shape=&#8221;round&#8221; align=&#8221;left&#8221; [&hellip;]<\/p>\n","protected":false},"author":1,"featured_media":0,"parent":0,"menu_order":0,"comment_status":"closed","ping_status":"closed","template":"templates\/vc-page-template.php","meta":{"footnotes":""},"class_list":["post-3343","page","type-page","status-publish","hentry"],"_links":{"self":[{"href":"https:\/\/kdcmuhendislik.com\/index.php\/wp-json\/wp\/v2\/pages\/3343","targetHints":{"allow":["GET"]}}],"collection":[{"href":"https:\/\/kdcmuhendislik.com\/index.php\/wp-json\/wp\/v2\/pages"}],"about":[{"href":"https:\/\/kdcmuhendislik.com\/index.php\/wp-json\/wp\/v2\/types\/page"}],"author":[{"embeddable":true,"href":"https:\/\/kdcmuhendislik.com\/index.php\/wp-json\/wp\/v2\/users\/1"}],"replies":[{"embeddable":true,"href":"https:\/\/kdcmuhendislik.com\/index.php\/wp-json\/wp\/v2\/comments?post=3343"}],"version-history":[{"count":10,"href":"https:\/\/kdcmuhendislik.com\/index.php\/wp-json\/wp\/v2\/pages\/3343\/revisions"}],"predecessor-version":[{"id":4198,"href":"https:\/\/kdcmuhendislik.com\/index.php\/wp-json\/wp\/v2\/pages\/3343\/revisions\/4198"}],"wp:attachment":[{"href":"https:\/\/kdcmuhendislik.com\/index.php\/wp-json\/wp\/v2\/media?parent=3343"}],"curies":[{"name":"wp","href":"https:\/\/api.w.org\/{rel}","templated":true}]}}