{"id":3265,"date":"2018-11-29T10:58:45","date_gmt":"2018-11-29T07:58:45","guid":{"rendered":"http:\/\/kdcmuhendislik.com\/?page_id=3265"},"modified":"2019-03-12T14:47:13","modified_gmt":"2019-03-12T11:47:13","slug":"celik-yapi","status":"publish","type":"page","link":"https:\/\/kdcmuhendislik.com\/index.php\/celik-yapi\/","title":{"rendered":"\u00c7EL\u0130K YAPI"},"content":{"rendered":"<p>[vc_row css=&#8221;.vc_custom_1489053346283{padding-top: 55px !important;padding-bottom: 55px !important;}&#8221;][vc_column width=&#8221;3\/12&#8243;]<div class=\"text-left\"><h3 style=\"color:\">PROJELER\u0130M\u0130Z<\/h3><div class=\"edge-seprator\"><\/div><\/div>[vc_empty_space][vc_btn title=&#8221;\u00c7EL\u0130K YAPI&#8221; style=&#8221;outline-custom&#8221; outline_custom_color=&#8221;#ffa000&#8243; outline_custom_hover_background=&#8221;#ffa000&#8243; outline_custom_hover_text=&#8221;#ffffff&#8221; shape=&#8221;round&#8221; align=&#8221;left&#8221; button_block=&#8221;true&#8221;][vc_btn title=&#8221;MADEN EK\u0130PMANLARI&#8221; style=&#8221;outline-custom&#8221; outline_custom_color=&#8221;#666666&#8243; outline_custom_hover_background=&#8221;#ffa000&#8243; outline_custom_hover_text=&#8221;#ffffff&#8221; shape=&#8221;round&#8221; align=&#8221;left&#8221; button_block=&#8221;true&#8221; link=&#8221;url:http%3A%2F%2Fkdcmuhendislik.com%2Findex.php%2Fmaden-ekipmanlari%2F|||&#8221;][vc_btn title=&#8221;END\u00dcSTR\u0130YEL EK\u0130PMANLAR&#8221; style=&#8221;outline-custom&#8221; outline_custom_color=&#8221;#666666&#8243; outline_custom_hover_background=&#8221;#ffa000&#8243; outline_custom_hover_text=&#8221;#ffffff&#8221; shape=&#8221;round&#8221; align=&#8221;left&#8221; button_block=&#8221;true&#8221; link=&#8221;url:http%3A%2F%2Fkdcmuhendislik.com%2Findex.php%2Fendustriyel-ekipmanlar%2F|||&#8221;][vc_btn title=&#8221;SAVUNMA SANAY\u0130&#8221; style=&#8221;outline-custom&#8221; outline_custom_color=&#8221;#666666&#8243; outline_custom_hover_background=&#8221;#ffa000&#8243; outline_custom_hover_text=&#8221;#ffffff&#8221; shape=&#8221;round&#8221; align=&#8221;left&#8221; button_block=&#8221;true&#8221; link=&#8221;url:http%3A%2F%2Fkdcmuhendislik.com%2Findex.php%2Fsavunma-sanayi%2F|||&#8221;][vc_btn title=&#8221;G\u00dcNE\u015e ENERJ\u0130S\u0130 SANTRALLER\u0130&#8221; style=&#8221;outline-custom&#8221; outline_custom_color=&#8221;#666666&#8243; outline_custom_hover_background=&#8221;#ffa000&#8243; outline_custom_hover_text=&#8221;#ffffff&#8221; shape=&#8221;round&#8221; align=&#8221;left&#8221; button_block=&#8221;true&#8221; link=&#8221;url:http%3A%2F%2Fkdcmuhendislik.com%2Findex.php%2Fgunes-enerjisi-santralleri%2F|||&#8221;][\/vc_column][vc_column width=&#8221;9\/12&#8243;]<div class=\"text-left\"><h3 style=\"color:\">\u00c7EL\u0130K YAPILAR<\/h3><div class=\"edge-seprator\"><\/div><\/div>[vc_row_inner][vc_column_inner][vc_column_text]<strong>KALYON \u0130N\u015eAAT \/ G\u00dcLERMAK A.\u015e. \/ \u00c7\u0130FTAY A.\u015e. \/\u00a0PREKONS A.\u015e. \/ ASKA A.\u015e. \/ ENPRO A.\u015e.<\/strong>[\/vc_column_text][vc_gallery interval=&#8221;3&#8243; images=&#8221;3774,3778,3782,3786,3790,3794,3798,3802,3806,3810,3814,3818,3822,3826,3830,3834,3838,3842,3846,3850,3854,3858,3862,3866,3870,3874,3878&#8243; img_size=&#8221;800&#215;450&#8243;][vc_separator][vc_column_text]<em><strong>YAPISAL \u00c7EL\u0130K \u0130MALATLARI\u2013 KALYON \u0130N\u015eAAT A.\u015e. \/ HANWHA GROUP<\/strong><\/em><\/p>\n<p style=\"text-align: justify;\"><em><strong>Kalyon Enerji<\/strong><\/em> ve <em><strong>Hanwha Group<\/strong><\/em> yat\u0131r\u0131m\u0131 olan tam entegre Fotovoltaik \u00dcretim Tesisi yat\u0131r\u0131m\u0131 i\u015fi kapsam\u0131nda, 3000 ton \u00c7elik Konstr\u00fcksiyon End\u00fcstriyel Tesis Binas\u0131 ,Boru K\u00f6pr\u00fcs\u00fc, Konvey\u00f6r i\u015fleri i\u00e7in imalat, kumlama, yang\u0131na dayan\u0131kl\u0131 boya, montaj ve kaplamay\u0131 kapsayacak \u015fekilde anahtar teslim projeler yap\u0131lm\u0131\u015ft\u0131r.2017 y\u0131l\u0131ndan beri s\u00fcren i\u015fbirli\u011fimiz halen devam etmektedir.<\/p>\n<p>[\/vc_column_text][vc_separator][vc_column_text]<em><strong>YAPISAL \u00c7EL\u0130K \u0130MALATLARI \u2013 G\u00dcLERMAK A.\u015e.<\/strong><\/em><\/p>\n<p style=\"text-align: justify;\">2011 y\u0131l\u0131ndan ba\u015flayarak G\u00fclermak A.\u015e. ile \u00fcretim konusunda aral\u0131ks\u0131z \u00e7al\u0131\u015fmaktay\u0131z. Maden sekt\u00f6r\u00fcnde\u00a0<em><strong>G\u00fclermak A.\u015e.<\/strong><\/em>\u2019nin\u00a0<em><strong>THYSSENKRUPP AG<\/strong><\/em>\u2019den ald\u0131\u011f\u0131 \u00fcretim projelerinin imalat\u0131n\u0131 G\u00fclermak A.\u015e.\u2019nin onayl\u0131 ta\u015feronu olarak hem G\u00fclermak A.\u015e. hem de THYSSEN KRUPP\u2019UN kalite kontrol\u00fc alt\u0131nda yapmaktay\u0131z.<br \/>\nBahsedilen \u00fcretimin tonaj\u0131 2500 ton \u00fczerinde olup halen \u00fcretimimiz devam etmektedir. Bu \u00fcretimler Bunker, Konveyor, Krein Support, Rock Support vb maden sekt\u00f6r\u00fcnde kullan\u0131lan ekipmanlar\u0131 kapsamaktad\u0131r.<\/p>\n<p>[\/vc_column_text][vc_separator][vc_column_text]<em><strong>YAPISAL \u00c7EL\u0130K \u0130MALATLARI \u2013 \u00c7\u0130FTAY A.\u015e.<\/strong><\/em><\/p>\n<p style=\"text-align: justify;\">\u00c7elik kontr\u00fcksiyonlu bina imalat\u0131 sekt\u00f6r\u00fcnde yer alan ve merkez bina, depo, fabrika vb \u00fcretimler yapan <em><strong>\u00c7iftay A.\u015e.<\/strong><\/em> i\u00e7in imalat, kumlama, boya, montaj ve kaplamay\u0131 kapsayacak \u015fekilde anahtar teslim projeler yap\u0131lm\u0131\u015ft\u0131r. 2014 y\u0131l\u0131nda beri s\u00fcren i\u015fbirli\u011fimiz halen devam etmektedir.<\/p>\n<p>[\/vc_column_text][vc_separator][vc_column_text]<em><strong>\u015eANT\u0130YE YA\u015eAM ALANI KONTEYNER \u00dcRET\u0130M\u0130 \u2013 PREKONS A.\u015e.<\/strong><\/em><\/p>\n<p><em><strong>Prekons A.\u015e.<\/strong><\/em>\u00a0b\u00fcnyesinde Abu Dabi\u2019de bulunan do\u011fal gaz \u015fantiyesinin ya\u015fam alan\u0131 olu\u015fturma projesi i\u00e7in toplamda 1050 adet mod\u00fcler kaynakl\u0131 konteyner ya\u015fam alan\u0131 2013-2015 aras\u0131nda \u00fcretilmi\u015ftir.<br \/>\nMod\u00fcler kaynakl\u0131 konteynerlerin i\u00e7erisinde i\u015f\u00e7i yatakhaneler, yemekhaneler, sosyal faaliyet alanlar\u0131, ofisler ve idari k\u0131s\u0131mlar bulunmaktad\u0131r.<br \/>\n\u00dcretilen konteynerlerin elektrik ve mekanik aksamlar\u0131n\u0131n tamam\u0131n\u0131 kendi b\u00fcnyemizde haz\u0131rlanarak m\u00fc\u015fteriye teslim edilmi\u015ftir.[\/vc_column_text][vc_separator][vc_column_text]<em><strong>HASTANE PROJES\u0130 KONTEYNER \u00dcRET\u0130M \u2013 PREKONS A.\u015e.<\/strong><\/em><\/p>\n<p style=\"text-align: justify;\"><em><strong>Prekons A.\u015e.<\/strong><\/em> b\u00fcnyesinde y\u00fcr\u00fct\u00fclen hastane projesi i\u00e7in Rusya Smolensk b\u00f6lgesinde kullan\u0131lmak \u00fczere 320 adet mod\u00fcler sistem ya\u015fam alan\u0131n 2011-2012 y\u0131llar\u0131 aras\u0131nda \u00fcretimi yap\u0131lm\u0131\u015ft\u0131r.<br \/>\n\u00dcretilen konteynerlerin elektrik ve mekanik aksamlar\u0131n\u0131n tamam\u0131n\u0131 kendi b\u00fcnyemizde haz\u0131rlanarak m\u00fc\u015fteriye teslim edilmi\u015ftir.<\/p>\n<p>[\/vc_column_text][vc_separator][vc_column_text]<em><strong>HES GRUBU EK\u0130PMAN \u0130MALATLARI \u2013 ASKA A.\u015e.<\/strong><\/em><\/p>\n<p style=\"text-align: justify;\"><em><strong>Aska \u0130n\u015faat A.\u015e.<\/strong><\/em>\u00a0b\u00fcnyesinde T\u00fcrkiye\u2019nin bir \u00e7ok b\u00f6lgesindeki yap\u0131lan Hidroelektrik santrallerinin kurulum ekipman projeleri hayata ge\u00e7irilmi\u015ftir. Bu \u00fcretim ekipmanlar\u0131 baraj kapaklar\u0131, borulama i\u015fleri, santral binas\u0131 imalatlar\u0131 ve yerinde montaj\u0131 kapsamaktad\u0131r.<\/p>\n<p>[\/vc_column_text][vc_separator][vc_column_text]<em><strong>YAPISAL \u00c7EL\u0130K \u0130MALATLARI \u2013 ENPRO A.\u015e.<\/strong><\/em><\/p>\n<p><em><strong>Enpro A.\u015e.<\/strong><\/em>\u00a0b\u00fcnyesinde 400 ton i\u015f hacmi olan Cezayir GAMA BOUFARIK FIELD ERECTED TANKS projesi kapsam\u0131nda Fire Fighting Water Tank, Service Water Tank, Demineralized Water Tank, Diesel Storage Tank \u00e7elik i\u015fleri ve borulama i\u015fleri yap\u0131lm\u0131\u015ft\u0131r.[\/vc_column_text][\/vc_column_inner][\/vc_row_inner][\/vc_column][\/vc_row][vc_row full_width=&#8221;stretch_row_content_no_spaces&#8221;][vc_column][vc_gmaps link=&#8221;#E-8_JTNDaWZyYW1lJTIwc3JjJTNEJTIyaHR0cHMlM0ElMkYlMkZ3d3cuZ29vZ2xlLmNvbSUyRm1hcHMlMkZlbWJlZCUzRnBiJTNEJTIxMW0xOCUyMTFtMTIlMjExbTMlMjExZDc2My42MjU2MTAxNDI5OTUyJTIxMmQzMi42MTc1NjU2MjkyMTM2NiUyMTNkNDAuMDQxODg2OTk4NzEzMTMlMjEybTMlMjExZjAlMjEyZjAlMjEzZjAlMjEzbTIlMjExaTEwMjQlMjEyaTc2OCUyMTRmMTMuMSUyMTNtMyUyMTFtMiUyMTFzMHgxNGQzMzZhOGQxZjJjOTEzJTI1M0EweDM1NTMyNDMwZWJjNzFjNTAlMjEyemEyVERweUJ0dzd4b1pXNWthWE5zYVdzJTIxNWUwJTIxM20yJTIxMXN0ciUyMTJzdHIlMjE0djE1NDE3MDE4MjYwNDQlMjIlMjB3aWR0aCUzRCUyMjYwMCUyMiUyMGhlaWdodCUzRCUyMjQ1MCUyMiUyMGZyYW1lYm9yZGVyJTNEJTIyMCUyMiUyMHN0eWxlJTNEJTIyYm9yZGVyJTNBMCUyMiUyMGFsbG93ZnVsbHNjcmVlbiUzRSUzQyUyRmlmcmFtZSUzRQ==&#8221;][\/vc_column][\/vc_row]<\/p>\n","protected":false},"excerpt":{"rendered":"<p>[vc_row css=&#8221;.vc_custom_1489053346283{padding-top: 55px !important;padding-bottom: 55px !important;}&#8221;][vc_column width=&#8221;3\/12&#8243;][vc_empty_space][vc_btn title=&#8221;\u00c7EL\u0130K YAPI&#8221; style=&#8221;outline-custom&#8221; outline_custom_color=&#8221;#ffa000&#8243; outline_custom_hover_background=&#8221;#ffa000&#8243; outline_custom_hover_text=&#8221;#ffffff&#8221; shape=&#8221;round&#8221; align=&#8221;left&#8221; button_block=&#8221;true&#8221;][vc_btn title=&#8221;MADEN EK\u0130PMANLARI&#8221; style=&#8221;outline-custom&#8221; outline_custom_color=&#8221;#666666&#8243; outline_custom_hover_background=&#8221;#ffa000&#8243; outline_custom_hover_text=&#8221;#ffffff&#8221; shape=&#8221;round&#8221; align=&#8221;left&#8221; button_block=&#8221;true&#8221; link=&#8221;url:http%3A%2F%2Fkdcmuhendislik.com%2Findex.php%2Fmaden-ekipmanlari%2F|||&#8221;][vc_btn title=&#8221;END\u00dcSTR\u0130YEL EK\u0130PMANLAR&#8221; style=&#8221;outline-custom&#8221; outline_custom_color=&#8221;#666666&#8243; outline_custom_hover_background=&#8221;#ffa000&#8243; outline_custom_hover_text=&#8221;#ffffff&#8221; shape=&#8221;round&#8221; align=&#8221;left&#8221; button_block=&#8221;true&#8221; link=&#8221;url:http%3A%2F%2Fkdcmuhendislik.com%2Findex.php%2Fendustriyel-ekipmanlar%2F|||&#8221;][vc_btn title=&#8221;SAVUNMA SANAY\u0130&#8221; style=&#8221;outline-custom&#8221; outline_custom_color=&#8221;#666666&#8243; outline_custom_hover_background=&#8221;#ffa000&#8243; outline_custom_hover_text=&#8221;#ffffff&#8221; shape=&#8221;round&#8221; align=&#8221;left&#8221; button_block=&#8221;true&#8221; link=&#8221;url:http%3A%2F%2Fkdcmuhendislik.com%2Findex.php%2Fsavunma-sanayi%2F|||&#8221;][vc_btn title=&#8221;G\u00dcNE\u015e ENERJ\u0130S\u0130 SANTRALLER\u0130&#8221; style=&#8221;outline-custom&#8221; outline_custom_color=&#8221;#666666&#8243; outline_custom_hover_background=&#8221;#ffa000&#8243; outline_custom_hover_text=&#8221;#ffffff&#8221; shape=&#8221;round&#8221; align=&#8221;left&#8221; [&hellip;]<\/p>\n","protected":false},"author":1,"featured_media":0,"parent":0,"menu_order":0,"comment_status":"closed","ping_status":"closed","template":"templates\/vc-page-template.php","meta":{"footnotes":""},"class_list":["post-3265","page","type-page","status-publish","hentry"],"_links":{"self":[{"href":"https:\/\/kdcmuhendislik.com\/index.php\/wp-json\/wp\/v2\/pages\/3265","targetHints":{"allow":["GET"]}}],"collection":[{"href":"https:\/\/kdcmuhendislik.com\/index.php\/wp-json\/wp\/v2\/pages"}],"about":[{"href":"https:\/\/kdcmuhendislik.com\/index.php\/wp-json\/wp\/v2\/types\/page"}],"author":[{"embeddable":true,"href":"https:\/\/kdcmuhendislik.com\/index.php\/wp-json\/wp\/v2\/users\/1"}],"replies":[{"embeddable":true,"href":"https:\/\/kdcmuhendislik.com\/index.php\/wp-json\/wp\/v2\/comments?post=3265"}],"version-history":[{"count":91,"href":"https:\/\/kdcmuhendislik.com\/index.php\/wp-json\/wp\/v2\/pages\/3265\/revisions"}],"predecessor-version":[{"id":4361,"href":"https:\/\/kdcmuhendislik.com\/index.php\/wp-json\/wp\/v2\/pages\/3265\/revisions\/4361"}],"wp:attachment":[{"href":"https:\/\/kdcmuhendislik.com\/index.php\/wp-json\/wp\/v2\/media?parent=3265"}],"curies":[{"name":"wp","href":"https:\/\/api.w.org\/{rel}","templated":true}]}}