{"id":2108,"date":"2018-10-09T11:44:17","date_gmt":"2018-10-09T08:44:17","guid":{"rendered":"http:\/\/kdcmuhendislik.com.tr\/?page_id=2108"},"modified":"2021-06-04T14:55:35","modified_gmt":"2021-06-04T11:55:35","slug":"hakkimizda","status":"publish","type":"page","link":"https:\/\/kdcmuhendislik.com\/index.php\/hakkimizda\/","title":{"rendered":"Hakk\u0131m\u0131zda"},"content":{"rendered":"<p>[vc_row][vc_column][vc_empty_space height=&#8221;25px&#8221;]<div class=\"text-left\"><h3 style=\"color:\">HAKKIMIZDA<\/h3><div class=\"edge-seprator\"><\/div><\/div>[vc_empty_space height=&#8221;25px&#8221;][\/vc_column][\/vc_row][vc_row][vc_column width=&#8221;1\/2&#8243;][vc_row_inner][vc_column_inner][vc_column_text]<strong>Vizyonumuz:<\/strong><br \/>\nYerli ve k\u00fcresel pazarda i\u015f ortaklar\u0131 i\u00e7in yaratt\u0131\u011f\u0131 de\u011ferler ile b\u00fcy\u00fcmesinin s\u00fcrd\u00fcr\u00fclebilirli\u011fini koruyan, rekabet g\u00fcc\u00fcn\u00fc hep daha yukar\u0131 ta\u015f\u0131rken kalitesinden \u00f6d\u00fcn vermeyen, g\u00fcven duyulan, \u00e7evreye ve insana duyarl\u0131 bir \u00e7elik \u00fcretim firmas\u0131 olmak.[\/vc_column_text][vc_column_text]<strong>Misyonumuz:<\/strong><br \/>\n\u00c7elik \u00fcretim ve projelendirme alanlar\u0131nda; yurt i\u00e7i ve d\u0131\u015f\u0131ndaki m\u00fc\u015fterilerine yenilik\u00e7i, katma de\u011feri y\u00fcksek, g\u00fcvenilir \u00fcr\u00fcn ve \u00e7\u00f6z\u00fcmler sunman\u0131n yan\u0131nda ihracat projelerini her ge\u00e7en g\u00fcn art\u0131rarak \u00fclke ekonomisine katk\u0131da bulunmak.[\/vc_column_text][vc_gallery interval=&#8221;3&#8243; images=&#8221;2438&#8243; img_size=&#8221;650&#215;300&#8243; onclick=&#8221;&#8221;][\/vc_column_inner][\/vc_row_inner][\/vc_column][vc_column width=&#8221;1\/2&#8243;][vc_column_text]<strong>\u015eirket Profili<\/strong><\/p>\n<p>2011 y\u0131l\u0131ndan bu yana \u00c7elik Konstr\u00fcksiyon, End\u00fcstriyel Tesis \u00c7elik ve Ekipman \u00dcretimleri, Savunma Sanayii Sekt\u00f6r\u00fcne \u00dcretim, \u0130malat, Proje konular\u0131nda hizmet veren ve vermeye devam eden \u015firketimiz sekt\u00f6rel ihtiya\u00e7lar\u0131 da g\u00f6z \u00f6n\u00fcne alarak gerek teknik altyap\u0131 gerekse uluslararas\u0131 yeterliliklere uygun olarak \u00e7al\u0131\u015fmalar\u0131na devam etmektedir.<\/p>\n<p>Ayr\u0131ca e\u011fitimli, tecr\u00fcbeli ve profesyonel ekiplerce \u00fcretimin ve hizmetin her a\u015famas\u0131nda kontrol ve denetimi en \u00fcst d\u00fczeyde sa\u011flayan i\u015f yap\u0131s\u0131 ile m\u00fc\u015fteri memnuniyeti hep \u00fcst d\u00fczeydedir.<\/p>\n<p>T\u00fcrkiye\u2019deki her ge\u00e7en g\u00fcn geli\u015fen pazar a\u011f\u0131 ve d\u00fcnyadaki teknolojik geli\u015fmeler g\u00f6z \u00f6n\u00fcnde bulunduruldu\u011funda, KD\u00c7 M\u00fchendislik yenilik\u00e7i, geli\u015fime a\u00e7\u0131k ve ara\u015ft\u0131rmac\u0131, dinamik yap\u0131s\u0131 ile d\u00fcnya standartlar\u0131ndaki \u00fcretim kalitesini s\u00fcrekli korumaktad\u0131r.<\/p>\n<p>Firma hedefi olarak yurt i\u00e7inde alan\u0131nda lider, yurt d\u0131\u015f\u0131nda ise; \u00fclkemize her y\u0131l daha fazla katma de\u011fer sunan, s\u00fcrd\u00fcr\u00fclebilir d\u0131\u015f i\u015f ortakl\u0131klar\u0131 ile b\u00fcy\u00fcme hedeflerini ger\u00e7ekle\u015ftirmektir.[\/vc_column_text][vc_row_inner][vc_column_inner width=&#8221;1\/2&#8243;][vc_column_text]<\/p>\n<p style=\"text-align: left;\"><a class=\"btn-expert-common btn-expert-theme\" href=\"https:\/\/kdcmuhendislik.com\/index.php\/makina-parkimiz\/\">MAK\u0130NA PARKIMIZ<\/a><\/p>\n<p>[\/vc_column_text][\/vc_column_inner][vc_column_inner width=&#8221;1\/2&#8243;][vc_column_text]<\/p>\n<p style=\"text-align: left;\"><a class=\"btn-expert-common btn-expert-black\" href=\"https:\/\/kdcmuhendislik.com\/index.php\/sertifikalarimiz\/\">SERT\u0130F\u0130KALARIMIZ<\/a><\/p>\n<p>[\/vc_column_text][\/vc_column_inner][\/vc_row_inner][\/vc_column][\/vc_row][vc_row][vc_column width=&#8221;1\/6&#8243;][\/vc_column][vc_column width=&#8221;2\/3&#8243;][vc_gallery interval=&#8221;3&#8243; images=&#8221;4070,4074,4078,4082,4086,4090,4094,4098&#8243; img_size=&#8221;700&#215;400&#8243;][\/vc_column][vc_column width=&#8221;1\/6&#8243;][\/vc_column][\/vc_row][vc_row full_width=&#8221;stretch_row&#8221; css_animation=&#8221;fadeInUp&#8221; css=&#8221;.vc_custom_1489473446661{padding-top: 55px !important;padding-bottom: 60px !important;background-color: #f5f5f5 !important;}&#8221;][vc_column]<div class=\"text-center\"><h3 style=\"color:\">TAKIMIMIZ<\/h3><div class=\"edge-seprator\"><\/div><\/div>[vc_empty_space height=&#8221;50&#8243;]<div class=\"text-center\"><div class=\"col-md-3 col-sm-6 col-xs-12\">\r\n\t\t\t\t<div class=\"g-team-blog overlay-outer\">\r\n\t\t\t\t\t<div class=\"g-team-img\">\r\n\t                    <a href=\"#\"><img decoding=\"async\" src=\"https:\/\/kdcmuhendislik.com\/wp-content\/uploads\/2018\/10\/400x500.png\" alt=\"MET\u0130N \u00c7O\u015eAN\"><\/a>\r\n\t                    <div class=\"overlay-bg g-team-overlay\">\r\n\t                        <div class=\"g-team-overup\">                                \r\n\t                        <\/div>\r\n\t                    <\/div>\r\n\t                <\/div>\r\n\t                <div class=\"g-team-info\">\r\n\t                    <h5>MET\u0130N \u00c7O\u015eAN<\/h5>\r\n\t                    <small>Teknik Ofis<\/small>\r\n\t                    <p>mcosan@kdcmuhendislik.com<\/p>\r\n\t                <\/div>\r\n\t            <\/div><\/div><\/div><div class=\"text-center\"><div class=\"col-md-3 col-sm-6 col-xs-12\">\r\n\t\t\t\t<div class=\"g-team-blog overlay-outer\">\r\n\t\t\t\t\t<div class=\"g-team-img\">\r\n\t                    <a href=\"#\"><img decoding=\"async\" src=\"https:\/\/kdcmuhendislik.com\/wp-content\/uploads\/2018\/10\/400x500.png\" alt=\"TU\u011eBA T\u00dcRKO\u011eLU\"><\/a>\r\n\t                    <div class=\"overlay-bg g-team-overlay\">\r\n\t                        <div class=\"g-team-overup\">                                \r\n\t                        <\/div>\r\n\t                    <\/div>\r\n\t                <\/div>\r\n\t                <div class=\"g-team-info\">\r\n\t                    <h5>TU\u011eBA T\u00dcRKO\u011eLU<\/h5>\r\n\t                    <small>Sat\u0131n Alma<\/small>\r\n\t                    <p>satinalma@kdcmuhendislik.com<\/p>\r\n\t                <\/div>\r\n\t            <\/div><\/div><\/div><div class=\"text-center\"><div class=\"col-md-3 col-sm-6 col-xs-12\">\r\n\t\t\t\t<div class=\"g-team-blog overlay-outer\">\r\n\t\t\t\t\t<div class=\"g-team-img\">\r\n\t                    <a href=\"#\"><img decoding=\"async\" src=\"https:\/\/kdcmuhendislik.com\/wp-content\/uploads\/2018\/10\/400x500.png\" alt=\"EKREM DA\u011eDEV\u0130REN\"><\/a>\r\n\t                    <div class=\"overlay-bg g-team-overlay\">\r\n\t                        <div class=\"g-team-overup\">                                \r\n\t                        <\/div>\r\n\t                    <\/div>\r\n\t                <\/div>\r\n\t                <div class=\"g-team-info\">\r\n\t                    <h5>EKREM DA\u011eDEV\u0130REN<\/h5>\r\n\t                    <small>End\u00fcstriyel Planlama<\/small>\r\n\t                    <p>edagdeviren@kdcmuhendislik.com<\/p>\r\n\t                <\/div>\r\n\t            <\/div><\/div><\/div><div class=\"text-center\"><div class=\"col-md-3 col-sm-6 col-xs-12\">\r\n\t\t\t\t<div class=\"g-team-blog overlay-outer\">\r\n\t\t\t\t\t<div class=\"g-team-img\">\r\n\t                    <a href=\"#\"><img decoding=\"async\" src=\"https:\/\/kdcmuhendislik.com\/wp-content\/uploads\/2018\/10\/400x500.png\" alt=\"ANIL PEKER\"><\/a>\r\n\t                    <div class=\"overlay-bg g-team-overlay\">\r\n\t                        <div class=\"g-team-overup\">                                \r\n\t                        <\/div>\r\n\t                    <\/div>\r\n\t                <\/div>\r\n\t                <div class=\"g-team-info\">\r\n\t                    <h5>ANIL PEKER<\/h5>\r\n\t                    <small>Kaynak M\u00fchendisi<\/small>\r\n\t                    <p><\/p>\r\n\t                <\/div>\r\n\t            <\/div><\/div><\/div>[\/vc_column][\/vc_row][vc_row full_width=&#8221;stretch_row_content_no_spaces&#8221; css_animation=&#8221;fadeInUp&#8221; css=&#8221;.vc_custom_1488947819744{padding-top: 0px !important;}&#8221;][vc_column css=&#8221;.vc_custom_1488947890291{padding-top: 0px !important;}&#8221;]\r\n\t<div class=\"video-popup-outer-v4\">\r\n\t\t<a href=\"https:\/\/www.youtube.com\/watch?v=7_QUF712HRY\" class=\"video-popup play-btn\"><\/a>\r\n\t\t<a href=\"https:\/\/www.youtube.com\/watch?v=7_QUF712HRY\" class=\"video-popup popup-over\"><img decoding=\"async\" src=\"https:\/\/kdcmuhendislik.com\/wp-content\/uploads\/2018\/10\/hakkimizda_1920x500.jpg\" alt=\"Video Popup\" class=\"f-width\"><\/a>\r\n\t<\/div>[\/vc_column][\/vc_row][vc_row css=&#8221;.vc_custom_1504522765566{padding-top: 85px !important;padding-bottom: 120px !important;}&#8221;][vc_column]<div class=\"text-center\"><h3 style=\"color:\">\u00c7\u00f6z\u00fcm Ortaklar\u0131m\u0131z<\/h3><div class=\"edge-seprator\"><\/div><\/div>[vc_empty_space height=&#8221;50&#8243;]<div class=\"carousel-box partner-carousel\"><div class=\"carousel\" data-carousel-autoplay=\"true\" data-carousel-items=\"5\" data-carousel-nav=\"false\" data-carousel-pagination=\"false\"  data-carousel-speed=\"1000\"><div class=\"carousel-item\">\r\n\t\t        \t<a href=\"\"><img decoding=\"async\" src=\"https:\/\/kdcmuhendislik.com\/wp-content\/uploads\/2017\/03\/clint-logo-nurol.png\" alt=\"Our Client\"><\/a>\r\n\t\t        <\/div><div class=\"carousel-item\">\r\n\t\t        \t<a href=\"\"><img decoding=\"async\" src=\"https:\/\/kdcmuhendislik.com\/wp-content\/uploads\/2017\/03\/clint-logo-gulermak.png\" alt=\"Our Client\"><\/a>\r\n\t\t        <\/div><div class=\"carousel-item\">\r\n\t\t        \t<a href=\"\"><img decoding=\"async\" src=\"https:\/\/kdcmuhendislik.com\/wp-content\/uploads\/2017\/03\/clint-logo-kalyon.png\" alt=\"Our Client\"><\/a>\r\n\t\t        <\/div><div class=\"carousel-item\">\r\n\t\t        \t<a href=\"\"><img decoding=\"async\" src=\"https:\/\/kdcmuhendislik.com\/wp-content\/uploads\/2017\/03\/clint-logo-havelsan.png\" alt=\"Our Client\"><\/a>\r\n\t\t        <\/div><div class=\"carousel-item\">\r\n\t\t        \t<a href=\"\"><img decoding=\"async\" src=\"https:\/\/kdcmuhendislik.com\/wp-content\/uploads\/2017\/03\/clint-logo-voith.png\" alt=\"Our Client\"><\/a>\r\n\t\t        <\/div><div class=\"carousel-item\">\r\n\t\t        \t<a href=\"\"><img decoding=\"async\" src=\"https:\/\/kdcmuhendislik.com\/wp-content\/uploads\/2017\/03\/clint-logo-ciftay.png\" alt=\"Our Client\"><\/a>\r\n\t\t        <\/div><div class=\"carousel-item\">\r\n\t\t        \t<a href=\"\"><img decoding=\"async\" src=\"https:\/\/kdcmuhendislik.com\/wp-content\/uploads\/2017\/03\/clint-logo-as-ka.png\" alt=\"Our Client\"><\/a>\r\n\t\t        <\/div><div class=\"carousel-item\">\r\n\t\t        \t<a href=\"\"><img decoding=\"async\" src=\"https:\/\/kdcmuhendislik.com\/wp-content\/uploads\/2017\/03\/clint-logo-akyapak.png\" alt=\"Our Client\"><\/a>\r\n\t\t        <\/div><div class=\"carousel-item\">\r\n\t\t        \t<a href=\"\"><img decoding=\"async\" src=\"https:\/\/kdcmuhendislik.com\/wp-content\/uploads\/2017\/03\/clint-logo-arater.png\" alt=\"Our Client\"><\/a>\r\n\t\t        <\/div><div class=\"carousel-item\">\r\n\t\t        \t<a href=\"\"><img decoding=\"async\" src=\"https:\/\/kdcmuhendislik.com\/wp-content\/uploads\/2017\/03\/clint-logo-askaynak.png\" alt=\"Our Client\"><\/a>\r\n\t\t        <\/div><div class=\"carousel-item\">\r\n\t\t        \t<a href=\"\"><img decoding=\"async\" src=\"https:\/\/kdcmuhendislik.com\/wp-content\/uploads\/2017\/03\/clint-logo-ceceli-grup.png\" alt=\"Our Client\"><\/a>\r\n\t\t        <\/div><div class=\"carousel-item\">\r\n\t\t        \t<a href=\"\"><img decoding=\"async\" src=\"https:\/\/kdcmuhendislik.com\/wp-content\/uploads\/2017\/03\/clint-logo-esab.png\" alt=\"Our Client\"><\/a>\r\n\t\t        <\/div><div class=\"carousel-item\">\r\n\t\t        \t<a href=\"\"><img decoding=\"async\" src=\"https:\/\/kdcmuhendislik.com\/wp-content\/uploads\/2017\/03\/clint-logo-prekons.png\" alt=\"Our Client\"><\/a>\r\n\t\t        <\/div><div class=\"carousel-item\">\r\n\t\t        \t<a href=\"\"><img decoding=\"async\" src=\"https:\/\/kdcmuhendislik.com\/wp-content\/uploads\/2017\/03\/clint-logo-rzk-celik.png\" alt=\"Our Client\"><\/a>\r\n\t\t        <\/div><div class=\"carousel-item\">\r\n\t\t        \t<a href=\"\"><img decoding=\"async\" src=\"https:\/\/kdcmuhendislik.com\/wp-content\/uploads\/2017\/03\/clint-logo-nurol-teknoloji.png\" alt=\"Our Client\"><\/a>\r\n\t\t        <\/div><div class=\"carousel-item\">\r\n\t\t        \t<a href=\"\"><img decoding=\"async\" src=\"https:\/\/kdcmuhendislik.com\/wp-content\/uploads\/2017\/03\/clint-logo-international.png\" alt=\"Our Client\"><\/a>\r\n\t\t        <\/div><div class=\"carousel-item\">\r\n\t\t        \t<a href=\"\"><img decoding=\"async\" src=\"https:\/\/kdcmuhendislik.com\/wp-content\/uploads\/2017\/03\/clint-logo-thyssenkrupp.png\" alt=\"Our Client\"><\/a>\r\n\t\t        <\/div><div class=\"carousel-item\">\r\n\t\t        \t<a href=\"\"><img decoding=\"async\" src=\"https:\/\/kdcmuhendislik.com\/wp-content\/uploads\/2017\/03\/clint-logo-hardox.png\" alt=\"Our Client\"><\/a>\r\n\t\t        <\/div><div class=\"carousel-item\">\r\n\t\t        \t<a href=\"\"><img decoding=\"async\" src=\"https:\/\/kdcmuhendislik.com\/wp-content\/uploads\/2017\/03\/clint-logo-ceytech.png\" alt=\"Our Client\"><\/a>\r\n\t\t        <\/div><div class=\"carousel-item\">\r\n\t\t        \t<a href=\"\"><img decoding=\"async\" src=\"https:\/\/kdcmuhendislik.com\/wp-content\/uploads\/2017\/03\/clint-logo-saragrup.png\" alt=\"Our Client\"><\/a>\r\n\t\t        <\/div><div class=\"carousel-item\">\r\n\t\t        \t<a href=\"\"><img decoding=\"async\" src=\"https:\/\/kdcmuhendislik.com\/wp-content\/uploads\/2017\/03\/clint-logo-kaleliler.png\" alt=\"Our Client\"><\/a>\r\n\t\t        <\/div><div class=\"carousel-item\">\r\n\t\t        \t<a href=\"\"><img decoding=\"async\" src=\"https:\/\/kdcmuhendislik.com\/wp-content\/uploads\/2017\/03\/clint-logo-adacal.png\" alt=\"Our Client\"><\/a>\r\n\t\t        <\/div><div class=\"carousel-item\">\r\n\t\t        \t<a href=\"\"><img decoding=\"async\" src=\"https:\/\/kdcmuhendislik.com\/wp-content\/uploads\/2017\/03\/clint-logo-sisecam.png\" alt=\"Our Client\"><\/a>\r\n\t\t        <\/div><div class=\"carousel-item\">\r\n\t\t        \t<a href=\"\"><img decoding=\"async\" src=\"https:\/\/kdcmuhendislik.com\/wp-content\/uploads\/2017\/03\/clint-logo-jotun.png\" alt=\"Our Client\"><\/a>\r\n\t\t        <\/div><div class=\"carousel-item\">\r\n\t\t        \t<a href=\"\"><img decoding=\"async\" src=\"https:\/\/kdcmuhendislik.com\/wp-content\/uploads\/2017\/03\/clint-logo-statix.png\" alt=\"Our Client\"><\/a>\r\n\t\t        <\/div><\/div><\/div>[\/vc_column][\/vc_row]<\/p>\n","protected":false},"excerpt":{"rendered":"<p>[vc_row][vc_column][vc_empty_space height=&#8221;25px&#8221;][vc_empty_space height=&#8221;25px&#8221;][\/vc_column][\/vc_row][vc_row][vc_column width=&#8221;1\/2&#8243;][vc_row_inner][vc_column_inner][vc_column_text]Vizyonumuz: Yerli ve k\u00fcresel pazarda i\u015f ortaklar\u0131 i\u00e7in yaratt\u0131\u011f\u0131 de\u011ferler ile b\u00fcy\u00fcmesinin s\u00fcrd\u00fcr\u00fclebilirli\u011fini koruyan, rekabet g\u00fcc\u00fcn\u00fc hep daha yukar\u0131 ta\u015f\u0131rken kalitesinden \u00f6d\u00fcn vermeyen, g\u00fcven duyulan, \u00e7evreye ve insana duyarl\u0131 bir \u00e7elik \u00fcretim firmas\u0131 olmak.[\/vc_column_text][vc_column_text]Misyonumuz: \u00c7elik \u00fcretim ve projelendirme alanlar\u0131nda; yurt i\u00e7i ve d\u0131\u015f\u0131ndaki m\u00fc\u015fterilerine yenilik\u00e7i, katma de\u011feri y\u00fcksek, g\u00fcvenilir \u00fcr\u00fcn ve \u00e7\u00f6z\u00fcmler [&hellip;]<\/p>\n","protected":false},"author":1,"featured_media":0,"parent":0,"menu_order":0,"comment_status":"closed","ping_status":"closed","template":"templates\/vc-page-template.php","meta":{"footnotes":""},"class_list":["post-2108","page","type-page","status-publish","hentry"],"_links":{"self":[{"href":"https:\/\/kdcmuhendislik.com\/index.php\/wp-json\/wp\/v2\/pages\/2108","targetHints":{"allow":["GET"]}}],"collection":[{"href":"https:\/\/kdcmuhendislik.com\/index.php\/wp-json\/wp\/v2\/pages"}],"about":[{"href":"https:\/\/kdcmuhendislik.com\/index.php\/wp-json\/wp\/v2\/types\/page"}],"author":[{"embeddable":true,"href":"https:\/\/kdcmuhendislik.com\/index.php\/wp-json\/wp\/v2\/users\/1"}],"replies":[{"embeddable":true,"href":"https:\/\/kdcmuhendislik.com\/index.php\/wp-json\/wp\/v2\/comments?post=2108"}],"version-history":[{"count":42,"href":"https:\/\/kdcmuhendislik.com\/index.php\/wp-json\/wp\/v2\/pages\/2108\/revisions"}],"predecessor-version":[{"id":4940,"href":"https:\/\/kdcmuhendislik.com\/index.php\/wp-json\/wp\/v2\/pages\/2108\/revisions\/4940"}],"wp:attachment":[{"href":"https:\/\/kdcmuhendislik.com\/index.php\/wp-json\/wp\/v2\/media?parent=2108"}],"curies":[{"name":"wp","href":"https:\/\/api.w.org\/{rel}","templated":true}]}}