{"id":1416,"date":"2018-01-02T11:00:31","date_gmt":"2018-01-02T08:00:31","guid":{"rendered":"http:\/\/webdemoproject.site\/?page_id=1416"},"modified":"2023-03-24T21:24:54","modified_gmt":"2023-03-24T18:24:54","slug":"sertifikalarimiz","status":"publish","type":"page","link":"https:\/\/kdcmuhendislik.com\/index.php\/sertifikalarimiz\/","title":{"rendered":"Sertifikalar\u0131m\u0131z"},"content":{"rendered":"<p>[vc_row][vc_column][vc_empty_space height=&#8221;25px&#8221;]<div class=\"text-left\"><h3 style=\"color:\">SERT\u0130F\u0130KA DETAYLARIMIZ<\/h3><div class=\"edge-seprator\"><\/div><\/div>[vc_empty_space height=&#8221;25px&#8221;][\/vc_column][\/vc_row][vc_row][vc_column]<div class=\"accordion_container\">\r\n\t\t\t<div class=\"accordion_head\">\r\n\t\t\t\tEN 1090-1 Fabrika \u00dcretim Kontrol Sertifikas\u0131\r\n\t\t\t\t<span class=\"plusminus\">-<\/span>\r\n\t\t\t<\/div>\r\n            <div class=\"accordion_body\" style=\"\">\r\n            \t<p><strong>Bu belge EN 1090-1:2009+A1:2011 standard\u0131n\u0131n ZA Eki'nde tan\u0131mlanan performans\u0131n de\u011fi\u015fmezli\u011finin de\u011ferlendirilmesi ve do\u011frulanmas\u0131 ile ilgili t\u00fcm h\u00fck\u00fcmlerin, sistem 2+ alt\u0131nda uyguland\u0131\u011f\u0131n\u0131 ve fabrika \u00fcretim kontrol\u00fcn\u00fcn ilgili gereklerle uyum i\u00e7erisinden oldu\u011funun de\u011ferlendirildi\u011fini g\u00f6stermektedir.\nSertifikay\u0131 g\u00f6r\u00fcnt\u00fclemek i\u00e7in <\/strong><a href=\"http:\/\/kdcmuhendislik.com\/wp-content\/uploads\/2023\/03\/2360.CPR_.1090-1.PRB_.2023.001-Rev.01.pdf\" target=\"_blank\"><b>T\u0131klay\u0131n\u0131z<\/a>.<\/p>\r\n            <\/div>\r\n\t\t\t<div class=\"accordion_head\">\r\n\t\t\t\tEN ISO 3834-2 Yap\u0131sal \u00c7elik Konstr\u00fcksiyon Bile\u015fenleri \u00dcretimi\r\n\t\t\t\t<span class=\"plusminus\">+<\/span>\r\n\t\t\t<\/div>\r\n            <div class=\"accordion_body\" style=\"display: none;\">\r\n            \t<p>Bu belge ilgili kurulu\u015fun, g\u00fcncel teknik standartlara uygun olarak \u00fcretim ve denetlemesinin yap\u0131ld\u0131\u011f\u0131n\u0131, raporda belirtilen konstr\u00fcksiyon \u00fcretim ve denetimini garanti eden kalite sistemini teknik mevzuatlar ve standartlar do\u011frultusunda yerine getirildi\u011fini kapsar. Sertifikay\u0131 g\u00f6r\u00fcnt\u00fclemek i\u00e7in <a href=\"http:\/\/kdcmuhendislik.com\/wp-content\/uploads\/2023\/03\/PRB-SYS-3834-2023-010-Rev.01.pdf\" target=\"_blank\"><b>T\u0131klay\u0131n\u0131z<\/a>.<\/p>\r\n            <\/div>\r\n\t\t\t<div class=\"accordion_head\">\r\n\t\t\t\tDIN EN ISO 9001:2015 Kalite Y\u00f6netim Sistemi Sertifikas\u0131\r\n\t\t\t\t<span class=\"plusminus\">+<\/span>\r\n\t\t\t<\/div>\r\n            <div class=\"accordion_body\" style=\"display: none;\">\r\n            \t<p>Bu belge ilgili kurulu\u015fun, \u00c7elik Konstr\u00fcksiyon, End\u00fcstriyel Tesislerin \u00dcretimi, Montaj\u0131, Yedek Par\u00e7a Sat\u0131\u015f\u0131, \u0130\u015f Makineleri Ekipmanlar\u0131n\u0131n Kaynakl\u0131 \u0130malat\u0131 kapsam\u0131nda, IA2.007741 say\u0131l\u0131 rapordaki inceleme ile standart \u015fartlar\u0131na uyan bir kalite y\u00f6netim sistemi kurdu\u011funu ve uygulad\u0131\u011f\u0131n\u0131 onaylamak \u00fczere verilmi\u015ftir. Sertifikay\u0131 g\u00f6r\u00fcnt\u00fclemek i\u00e7in <a href=\"http:\/\/kdcmuhendislik.com\/wp-content\/uploads\/2023\/03\/9001.pdf\" target=\"_blank\"><b>T\u0131klay\u0131n\u0131z<\/a>.<\/p>\r\n            <\/div>\r\n\t\t\t<div class=\"accordion_head\">\r\n\t\t\t\tOHSAS 18001:2007 \u0130\u015f Sa\u011fl\u0131\u011f\u0131 ve G\u00fcvenli\u011fi Y\u00f6netim Sistemi Sertifikas\u0131\r\n\t\t\t\t<span class=\"plusminus\">+<\/span>\r\n\t\t\t<\/div>\r\n            <div class=\"accordion_body\" style=\"display: none;\">\r\n            \t<p>Bu belge ilgili kurulu\u015fun, \u00c7elik Konstr\u00fcksiyon, End\u00fcstriyel Tesislerin \u00dcretimi, Montaj\u0131, Yedek Par\u00e7a Sat\u0131\u015f\u0131, \u0130\u015f Makineleri Ekipmanlar\u0131n\u0131n Kaynakl\u0131 \u0130malat\u0131 kapsam\u0131nda, IA2.007741 say\u0131l\u0131 rapordaki inceleme ile standart \u015fartlar\u0131na uyan bir i\u015f sa\u011fl\u0131\u011f\u0131 ve g\u00fcvenli\u011fi y\u00f6netim sistemi kurdu\u011funu ve uygulad\u0131\u011f\u0131n\u0131 onaylamak \u00fczere verilmi\u015ftir. Sertifikay\u0131 g\u00f6r\u00fcnt\u00fclemek i\u00e7in  <a href=\"http:\/\/kdcmuhendislik.com.tr\/wp-content\/uploads\/2018\/02\/kdc-muhendislik-ohsas-18001-2007-tr.pdf\" target=\"_blank\"><b>T\u0131klay\u0131n\u0131z<\/a>.<\/p>\r\n            <\/div>\r\n\t\t\t<div class=\"accordion_head\">\r\n\t\t\t\tDIN EN ISO 14001:2015 \u00c7evre Y\u00f6netim Sistemi Sertifikas\u0131\r\n\t\t\t\t<span class=\"plusminus\">+<\/span>\r\n\t\t\t<\/div>\r\n            <div class=\"accordion_body\" style=\"display: none;\">\r\n            \t<p><strong>Bu belge ilgili kurulu\u015fun, \u00c7elik Konstr\u00fcksiyon, End\u00fcstriyel Tesislerin \u00dcretimi, Montaj\u0131, Yedek Par\u00e7a Sat\u0131\u015f\u0131, \u0130\u015f Makineleri Ekipmanlar\u0131n\u0131n Kaynakl\u0131 \u0130malat\u0131 kapsam\u0131nda, IA2.007741 say\u0131l\u0131 rapordaki inceleme ile standart \u015fartlar\u0131na uyan bir \u00e7evre y\u00f6netim sistemi kurdu\u011funu ve uygulad\u0131\u011f\u0131n\u0131 onaylamak \u00fczere verilmi\u015ftir. Sertifikay\u0131 g\u00f6r\u00fcnt\u00fclemek i\u00e7in <\/strong> <a href=\"http:\/\/kdcmuhendislik.com\/wp-content\/uploads\/2023\/03\/14001.pdf\" target=\"_blank\"><b>T\u0131klay\u0131n\u0131z<\/a>.<\/p>\r\n            <\/div>\r\n\t\t\t<div class=\"accordion_head\">\r\n\t\t\t\tEN 1090-2 Kaynak Sertifikas\u0131\r\n\t\t\t\t<span class=\"plusminus\">+<\/span>\r\n\t\t\t<\/div>\r\n            <div class=\"accordion_body\" style=\"display: none;\">\r\n            \t<p>Bu belge, kaynak i\u015flemlerinin yerine getirilmesi ve uygulanmas\u0131 ile ilgili prosed\u00fcrlerin varl\u0131\u011f\u0131n\u0131 onaylar. Sertifikay\u0131 g\u00f6r\u00fcnt\u00fclemek i\u00e7in <a href=\"http:\/\/kdcmuhendislik.com\/wp-content\/uploads\/2022\/09\/EN-1090-2.pdf\" target=\"_blank\"><b>T\u0131klay\u0131n\u0131z<\/a>.<\/p>\r\n            <\/div>\r\n\t\t\t<div class=\"accordion_head\">\r\n\t\t\t\tISO 45001:2018 \u0130\u015f Sa\u011fl\u0131\u011f\u0131 ve G\u00fcvenli\u011fi Y\u00f6netim Sistemi Belgesi\r\n\t\t\t\t<span class=\"plusminus\">+<\/span>\r\n\t\t\t<\/div>\r\n            <div class=\"accordion_body\" style=\"display: none;\">\r\n            \t<p>Bu belge sanayi makinalar\u0131 imalat\u0131, montaj\u0131, yedek par\u00e7a sat\u0131\u015f\u0131, \u00e7elik konstr\u00fcksiyon imalat\u0131, i\u015f makinalar\u0131 te\u00e7hizat\u0131 kaynakl\u0131 imalat\u0131 yapan bu firman\u0131n standart maddelerine uygun bir y\u00f6netim sisteminin kuruldu\u011funu ve uyguland\u0131\u011f\u0131n\u0131 belgeleler. Sertifikay\u0131 g\u00f6r\u00fcnt\u00fclemek i\u00e7in <a href=\"http:\/\/kdcmuhendislik.com\/wp-content\/uploads\/2023\/03\/45001.pdf\" target=\"_blank\"><b>T\u0131klay\u0131n\u0131z<\/a>.<\/p>\r\n            <\/div><\/div>[vc_empty_space][vc_empty_space][vc_empty_space][\/vc_column][\/vc_row]<\/p>\n","protected":false},"excerpt":{"rendered":"<p>[vc_row][vc_column][vc_empty_space height=&#8221;25px&#8221;][vc_empty_space height=&#8221;25px&#8221;][\/vc_column][\/vc_row][vc_row][vc_column][vc_empty_space][vc_empty_space][vc_empty_space][\/vc_column][\/vc_row]<\/p>\n","protected":false},"author":1,"featured_media":0,"parent":0,"menu_order":0,"comment_status":"closed","ping_status":"closed","template":"templates\/vc-page-template.php","meta":{"footnotes":""},"class_list":["post-1416","page","type-page","status-publish","hentry"],"_links":{"self":[{"href":"https:\/\/kdcmuhendislik.com\/index.php\/wp-json\/wp\/v2\/pages\/1416","targetHints":{"allow":["GET"]}}],"collection":[{"href":"https:\/\/kdcmuhendislik.com\/index.php\/wp-json\/wp\/v2\/pages"}],"about":[{"href":"https:\/\/kdcmuhendislik.com\/index.php\/wp-json\/wp\/v2\/types\/page"}],"author":[{"embeddable":true,"href":"https:\/\/kdcmuhendislik.com\/index.php\/wp-json\/wp\/v2\/users\/1"}],"replies":[{"embeddable":true,"href":"https:\/\/kdcmuhendislik.com\/index.php\/wp-json\/wp\/v2\/comments?post=1416"}],"version-history":[{"count":59,"href":"https:\/\/kdcmuhendislik.com\/index.php\/wp-json\/wp\/v2\/pages\/1416\/revisions"}],"predecessor-version":[{"id":5051,"href":"https:\/\/kdcmuhendislik.com\/index.php\/wp-json\/wp\/v2\/pages\/1416\/revisions\/5051"}],"wp:attachment":[{"href":"https:\/\/kdcmuhendislik.com\/index.php\/wp-json\/wp\/v2\/media?parent=1416"}],"curies":[{"name":"wp","href":"https:\/\/api.w.org\/{rel}","templated":true}]}}