{"id":1072,"date":"2017-09-02T03:09:24","date_gmt":"2017-09-02T03:09:24","guid":{"rendered":"http:\/\/construction.hire-wordpress-developers.com\/?page_id=1072"},"modified":"2021-06-04T14:47:31","modified_gmt":"2021-06-04T11:47:31","slug":"home-4","status":"publish","type":"page","link":"https:\/\/kdcmuhendislik.com\/","title":{"rendered":"Anasayfa"},"content":{"rendered":"<p>[vc_row][vc_column][rev_slider_vc alias=&#8221;slider-kdc&#8221;][\/vc_column][\/vc_row][vc_row css=&#8221;.vc_custom_1504329975787{margin-bottom: 100px !important;}&#8221;][vc_column width=&#8221;1\/3&#8243; css=&#8221;.vc_custom_1504331510545{margin-top: -125px !important;padding-top: 0px !important;padding-right: 0px !important;padding-bottom: 0px !important;padding-left: 0px !important;}&#8221; el_class=&#8221;border-top-left&#8221;]\r\n\t\t<div class=\"highlight-inside\">\r\n\t\t\t<div class=\"highlight-inside\">\r\n                <div class=\"highlight-blog make-bg\" data-background=\"\">\r\n                    <div class=\"highlight-up\"><img decoding=\"async\" src=\"https:\/\/kdcmuhendislik.com\/wp-content\/uploads\/2017\/09\/ic1.png\" alt=\"Zaman\u0131nda Teslimat\"\/>\r\n                        <strong>Zaman\u0131nda Teslimat<\/strong>\r\n                        <span>%100 M\u00fc\u015fteri Memnuniyeti<\/span>\r\n                    <\/div>\r\n                <\/div>\r\n            <\/div>\r\n        <\/div>[\/vc_column][vc_column width=&#8221;1\/3&#8243; css=&#8221;.vc_custom_1504331532212{margin-top: -125px !important;padding-top: 0px !important;padding-right: 0px !important;padding-bottom: 0px !important;padding-left: 0px !important;}&#8221; el_class=&#8221;.border-top&#8221;]\r\n\t\t<div class=\"highlight-inside\">\r\n\t\t\t<div class=\"highlight-inside\">\r\n                <div class=\"highlight-blog make-bg\" data-background=\"\">\r\n                    <div class=\"highlight-up\"><img decoding=\"async\" src=\"https:\/\/kdcmuhendislik.com\/wp-content\/uploads\/2017\/03\/play.png\" alt=\"Y\u00fcksek Teknoloji\"\/>\r\n                        <strong>Y\u00fcksek Teknoloji<\/strong>\r\n                        <span>Y\u00fcksek Teknoloji \u00dcretim Tesisi<\/span>\r\n                    <\/div>\r\n                <\/div>\r\n            <\/div>\r\n        <\/div>[\/vc_column][vc_column width=&#8221;1\/3&#8243; css=&#8221;.vc_custom_1504331537595{margin-top: -125px !important;padding-top: 0px !important;padding-right: 0px !important;padding-bottom: 0px !important;padding-left: 0px !important;}&#8221; el_class=&#8221;border-top-right&#8221;]\r\n\t\t<div class=\"highlight-inside\">\r\n\t\t\t<div class=\"highlight-inside\">\r\n                <div class=\"highlight-blog make-bg\" data-background=\"\">\r\n                    <div class=\"highlight-up\"><img decoding=\"async\" src=\"https:\/\/kdcmuhendislik.com\/wp-content\/uploads\/2017\/09\/ic3.png\" alt=\"H\u0131zl\u0131 \u0130leti\u015fim\"\/>\r\n                        <strong>H\u0131zl\u0131 \u0130leti\u015fim<\/strong>\r\n                        <span>\u0130\u015f Ortaklar\u0131 \u0130le Kesintisiz \u0130rtibat<\/span>\r\n                    <\/div>\r\n                <\/div>\r\n            <\/div>\r\n        <\/div>[\/vc_column][\/vc_row][vc_row css=&#8221;.vc_custom_1504602365442{padding-bottom: 50px !important;}&#8221;][vc_column]<div class=\"service-style-v4\"><div class=\"row\">\r\n\t\t\t\t<div class=\"col-md-4 col-sm-4 col-xs-12\">\r\n\t\t\t\t\t<div class=\"boxer-attend\">\r\n\t                    <div class=\"boxer-attend-img\">\r\n\t\t\t\t\t\t    <a href=\"https:\/\/kdcmuhendislik.com\/index.php\/service\/tasarim-ve-projelendirme\/\">\r\n\t\t\t\t\t\t        <img decoding=\"async\" src=\"https:\/\/kdcmuhendislik.com\/wp-content\/uploads\/2018\/12\/kdc_tasarim_hizmeti005-370x190.jpg\" alt=\"Tasar\u0131m ve Projelendirme\">\r\n\t\t\t\t\t\t        <div class=\"boxer-on-over\">\r\n\t\t\t\t\t\t            <div class=\"boxer-icon-wp-inside\">\r\n\t\t\t\t\t\t                <div class=\"boxer-icon-wp\">\r\n\t\t\t\t\t\t                    <img decoding=\"async\" src=\"https:\/\/kdcmuhendislik.com\/wp-content\/uploads\/2017\/09\/ic11.png\" alt=\"Tasar\u0131m ve Projelendirme\">\r\n\t\t\t\t\t\t                <\/div>\r\n\t\t\t\t\t\t            <\/div>\r\n\t\t\t\t\t\t        <\/div>\r\n\t\t\t\t\t\t    <\/a>\r\n\t\t\t\t\t\t<\/div>\r\n\t                    <div class=\"boxer-attend-info\">\r\n\t                        <a href=\"https:\/\/kdcmuhendislik.com\/index.php\/service\/tasarim-ve-projelendirme\/\"><h4>Tasar\u0131m ve Projelendirme<\/h4><\/a><p>Kd\u00e7 M\u00fchendislik, geni\u015f tasar\u0131m ekibi ve i\u015f ortaklar\u0131 ile end\u00fcstriyel ekipmanlar, maden ekipmanlar\u0131, yap\u0131sal \u00e7elik i\u015fleri, g\u00fcne\u015f enerjisi sistemleri...<\/p><p><a href=\"https:\/\/kdcmuhendislik.com\/index.php\/service\/tasarim-ve-projelendirme\/\" class=\"xs-arrow\"><\/a><\/p>\r\n\t                    <\/div>\r\n\t                <\/div>\r\n\t            <\/div>\r\n\t\t\t\t<div class=\"col-md-4 col-sm-4 col-xs-12\">\r\n\t\t\t\t\t<div class=\"boxer-attend\">\r\n\t                    <div class=\"boxer-attend-img\">\r\n\t\t\t\t\t\t    <a href=\"https:\/\/kdcmuhendislik.com\/index.php\/service\/uretim\/\">\r\n\t\t\t\t\t\t        <img decoding=\"async\" src=\"https:\/\/kdcmuhendislik.com\/wp-content\/uploads\/2018\/09\/Kdc-Sinerjik-Kaynak-Makinasi-001-370x190.jpg\" alt=\"\u00dcretim\">\r\n\t\t\t\t\t\t        <div class=\"boxer-on-over\">\r\n\t\t\t\t\t\t            <div class=\"boxer-icon-wp-inside\">\r\n\t\t\t\t\t\t                <div class=\"boxer-icon-wp\">\r\n\t\t\t\t\t\t                    <img decoding=\"async\" src=\"https:\/\/kdcmuhendislik.com\/wp-content\/uploads\/2017\/09\/ic12.png\" alt=\"\u00dcretim\">\r\n\t\t\t\t\t\t                <\/div>\r\n\t\t\t\t\t\t            <\/div>\r\n\t\t\t\t\t\t        <\/div>\r\n\t\t\t\t\t\t    <\/a>\r\n\t\t\t\t\t\t<\/div>\r\n\t                    <div class=\"boxer-attend-info\">\r\n\t                        <a href=\"https:\/\/kdcmuhendislik.com\/index.php\/service\/uretim\/\"><h4>\u00dcretim<\/h4><\/a><p>Kaynakl\u0131 ve Tala\u015fl\u0131 \u0130malattan, Kumlama, Boya ve Kompozit \u00fcretimine kadar b\u00fct\u00fcn gereksinimlerini kendi kar\u015f\u0131layan, 10 y\u0131l \u00fczeri tecr\u00fcbeye sahip...<\/p><p><a href=\"https:\/\/kdcmuhendislik.com\/index.php\/service\/uretim\/\" class=\"xs-arrow\"><\/a><\/p>\r\n\t                    <\/div>\r\n\t                <\/div>\r\n\t            <\/div>\r\n\t\t\t\t<div class=\"col-md-4 col-sm-4 col-xs-12\">\r\n\t\t\t\t\t<div class=\"boxer-attend\">\r\n\t                    <div class=\"boxer-attend-img\">\r\n\t\t\t\t\t\t    <a href=\"https:\/\/kdcmuhendislik.com\/index.php\/service\/montaj\/\">\r\n\t\t\t\t\t\t        <img decoding=\"async\" src=\"https:\/\/kdcmuhendislik.com\/wp-content\/uploads\/2018\/11\/montaj-370x190.jpg\" alt=\"Montaj\">\r\n\t\t\t\t\t\t        <div class=\"boxer-on-over\">\r\n\t\t\t\t\t\t            <div class=\"boxer-icon-wp-inside\">\r\n\t\t\t\t\t\t                <div class=\"boxer-icon-wp\">\r\n\t\t\t\t\t\t                    <img decoding=\"async\" src=\"https:\/\/kdcmuhendislik.com\/wp-content\/uploads\/2017\/09\/ic5.png\" alt=\"Montaj\">\r\n\t\t\t\t\t\t                <\/div>\r\n\t\t\t\t\t\t            <\/div>\r\n\t\t\t\t\t\t        <\/div>\r\n\t\t\t\t\t\t    <\/a>\r\n\t\t\t\t\t\t<\/div>\r\n\t                    <div class=\"boxer-attend-info\">\r\n\t                        <a href=\"https:\/\/kdcmuhendislik.com\/index.php\/service\/montaj\/\"><h4>Montaj<\/h4><\/a><p>Fabrika sahas\u0131nda montaj\u0131 m\u00fcmk\u00fcn olan projeleri fabrika sahas\u0131nda \u00f6n montaj\u0131n\u0131 yaparak teslim eden KD\u00c7 M\u00fchendislik, fabrika montaj\u0131 m\u00fcmk\u00fcn...<\/p><p><a href=\"https:\/\/kdcmuhendislik.com\/index.php\/service\/montaj\/\" class=\"xs-arrow\"><\/a><\/p>\r\n\t                    <\/div>\r\n\t                <\/div>\r\n\t            <\/div><\/div><\/div>[\/vc_column][\/vc_row][vc_row full_width=&#8221;stretch_row&#8221; content_placement=&#8221;middle&#8221; css=&#8221;.vc_custom_1504341676589{padding-top: 60px !important;padding-bottom: 75px !important;background-image: url(http:\/\/kdcmuhendislik.com\/wp-content\/uploads\/2017\/09\/welcome-bg.jpg?id=1104) !important;}&#8221;][vc_column width=&#8221;1\/2&#8243;][vc_column_text el_class=&#8221;counter-expand-left&#8221; css=&#8221;.vc_custom_1537862456608{margin-bottom: 0px !important;}&#8221;]<\/p>\n<h3>KD\u00c7 M\u00dcHEND\u0130SL\u0130K S\u0130Z\u0130N \u0130\u00c7\u0130N <span class=\"txt-theme\">\u00dcRET\u0130YOR<\/span>.<\/h3>\n<p>2011 y\u0131l\u0131ndan bu yana \u00c7elik Konstruksiyon, \u00c7elik Beton, \u0130n\u015faat, End\u00fcstriyel Makine ve Enerji sekt\u00f6rlerine i\u015f \u00fcreten KD\u00c7 M\u00fchendislik, TSE onayl\u0131 ve kalite merkezli olmas\u0131n\u0131n yan\u0131nda sekt\u00f6rel \u00fcretim ihtiya\u00e7lar\u0131 do\u011frultusunda bir \u00e7ok sertifikay\u0131 da alarak d\u00fcnya standartlar\u0131ndaki tesisiyle \u00fcretimine durmaks\u0131z\u0131n devam etmektedir.[\/vc_column_text][vc_row_inner][vc_column_inner width=&#8221;1\/2&#8243;][vc_column_text el_class=&#8221;counter-expand-left&#8221;]<\/p>\n<p style=\"text-align: left;\"><a class=\"btn-expert-common btn-expert-theme\" href=\"https:\/\/kdcmuhendislik.com\/index.php\/hakkimizda\/\">HAKKIMIZDA<\/a><\/p>\n<p>[\/vc_column_text][\/vc_column_inner][vc_column_inner width=&#8221;1\/2&#8243;][vc_column_text el_class=&#8221;counter-expand-left&#8221;]<\/p>\n<p style=\"text-align: left;\"><a class=\"btn-expert-common btn-expert-black\" href=\"https:\/\/kdcmuhendislik.com\/index.php\/sertifikalarimiz\/\">SERT\u0130F\u0130KALARIMIZ<\/a><\/p>\n<p>[\/vc_column_text][\/vc_column_inner][\/vc_row_inner][\/vc_column][vc_column width=&#8221;1\/2&#8243;][vc_row_inner][vc_column_inner width=&#8221;1\/3&#8243; css=&#8221;.vc_custom_1504341500651{padding-top: 5px !important;padding-right: 5px !important;padding-left: 5px !important;}&#8221;]\r\n\t\t<div class=\"project-count project-count-v3\">\r\n\t\t\t<div class=\"counter-comunity make-bg\" data-background=\"\">\r\n\t            <div class=\"comunity-up\">\r\n\t                <strong class=\"timer\">32500<\/strong>\r\n\t                <span>TON \u00c7EL\u0130K<\/span>\r\n\t            <\/div>\r\n\t        <\/div>\r\n\t    <\/div>[\/vc_column_inner][vc_column_inner width=&#8221;1\/3&#8243; css=&#8221;.vc_custom_1504341507202{padding-top: 5px !important;padding-right: 5px !important;padding-left: 5px !important;}&#8221;]\r\n\t\t<div class=\"project-count project-count-v3\">\r\n\t\t\t<div class=\"counter-comunity make-bg\" data-background=\"\">\r\n\t            <div class=\"comunity-up\">\r\n\t                <strong class=\"timer\">150<\/strong>\r\n\t                <span>\u00c7EL\u0130K YAPI<\/span>\r\n\t            <\/div>\r\n\t        <\/div>\r\n\t    <\/div>[\/vc_column_inner][vc_column_inner width=&#8221;1\/3&#8243; css=&#8221;.vc_custom_1504341512455{padding-top: 5px !important;padding-right: 5px !important;padding-left: 5px !important;}&#8221;]\r\n\t\t<div class=\"project-count project-count-v3\">\r\n\t\t\t<div class=\"counter-comunity make-bg\" data-background=\"\">\r\n\t            <div class=\"comunity-up\">\r\n\t                <strong class=\"timer\">35<\/strong>\r\n\t                <span>PROJE<\/span>\r\n\t            <\/div>\r\n\t        <\/div>\r\n\t    <\/div>[\/vc_column_inner][vc_column_inner width=&#8221;1\/3&#8243; css=&#8221;.vc_custom_1504341548085{padding-right: 5px !important;padding-bottom: 5px !important;padding-left: 5px !important;}&#8221;]\r\n\t\t<div class=\"project-count project-count-v3\">\r\n\t\t\t<div class=\"counter-comunity make-bg\" data-background=\"\">\r\n\t            <div class=\"comunity-up\">\r\n\t                <strong class=\"timer\">38<\/strong>\r\n\t                <span>\u0130\u015e ORTA\u011eI<\/span>\r\n\t            <\/div>\r\n\t        <\/div>\r\n\t    <\/div>[\/vc_column_inner][vc_column_inner width=&#8221;1\/3&#8243; css=&#8221;.vc_custom_1504341563334{padding-right: 5px !important;padding-bottom: 5px !important;padding-left: 5px !important;}&#8221;]\r\n\t\t<div class=\"project-count project-count-v3\">\r\n\t\t\t<div class=\"counter-comunity make-bg\" data-background=\"\">\r\n\t            <div class=\"comunity-up\">\r\n\t                <strong class=\"timer\">600<\/strong>\r\n\t                <span>EK\u0130PMAN \u00dcRET\u0130M\u0130<\/span>\r\n\t            <\/div>\r\n\t        <\/div>\r\n\t    <\/div>[\/vc_column_inner][vc_column_inner width=&#8221;1\/3&#8243; css=&#8221;.vc_custom_1504341567868{padding-right: 5px !important;padding-bottom: 5px !important;padding-left: 5px !important;}&#8221;]\r\n\t\t<div class=\"project-count project-count-v3\">\r\n\t\t\t<div class=\"counter-comunity make-bg\" data-background=\"\">\r\n\t            <div class=\"comunity-up\">\r\n\t                <strong class=\"timer\">4000<\/strong>\r\n\t                <span>PAR\u00c7A \u00dcRET\u0130M\u0130<\/span>\r\n\t            <\/div>\r\n\t        <\/div>\r\n\t    <\/div>[\/vc_column_inner][\/vc_row_inner][\/vc_column][\/vc_row][vc_row][vc_column][vc_empty_space][vc_empty_space][\/vc_column][\/vc_row]<\/p>\n","protected":false},"excerpt":{"rendered":"<p>[vc_row][vc_column][rev_slider_vc alias=&#8221;slider-kdc&#8221;][\/vc_column][\/vc_row][vc_row css=&#8221;.vc_custom_1504329975787{margin-bottom: 100px !important;}&#8221;][vc_column width=&#8221;1\/3&#8243; css=&#8221;.vc_custom_1504331510545{margin-top: -125px !important;padding-top: 0px !important;padding-right: 0px !important;padding-bottom: 0px !important;padding-left: 0px !important;}&#8221; el_class=&#8221;border-top-left&#8221;][\/vc_column][vc_column width=&#8221;1\/3&#8243; css=&#8221;.vc_custom_1504331532212{margin-top: -125px !important;padding-top: 0px !important;padding-right: 0px !important;padding-bottom: 0px !important;padding-left: 0px !important;}&#8221; el_class=&#8221;.border-top&#8221;][\/vc_column][vc_column width=&#8221;1\/3&#8243; css=&#8221;.vc_custom_1504331537595{margin-top: -125px !important;padding-top: 0px !important;padding-right: 0px !important;padding-bottom: 0px !important;padding-left: 0px !important;}&#8221; el_class=&#8221;border-top-right&#8221;][\/vc_column][\/vc_row][vc_row css=&#8221;.vc_custom_1504602365442{padding-bottom: 50px !important;}&#8221;][vc_column][\/vc_column][\/vc_row][vc_row full_width=&#8221;stretch_row&#8221; content_placement=&#8221;middle&#8221; css=&#8221;.vc_custom_1504341676589{padding-top: 60px !important;padding-bottom: 75px !important;background-image: url(http:\/\/kdcmuhendislik.com\/wp-content\/uploads\/2017\/09\/welcome-bg.jpg?id=1104) [&hellip;]<\/p>\n","protected":false},"author":1,"featured_media":0,"parent":0,"menu_order":0,"comment_status":"closed","ping_status":"closed","template":"templates\/vc-page-template.php","meta":{"footnotes":""},"class_list":["post-1072","page","type-page","status-publish","hentry"],"_links":{"self":[{"href":"https:\/\/kdcmuhendislik.com\/index.php\/wp-json\/wp\/v2\/pages\/1072","targetHints":{"allow":["GET"]}}],"collection":[{"href":"https:\/\/kdcmuhendislik.com\/index.php\/wp-json\/wp\/v2\/pages"}],"about":[{"href":"https:\/\/kdcmuhendislik.com\/index.php\/wp-json\/wp\/v2\/types\/page"}],"author":[{"embeddable":true,"href":"https:\/\/kdcmuhendislik.com\/index.php\/wp-json\/wp\/v2\/users\/1"}],"replies":[{"embeddable":true,"href":"https:\/\/kdcmuhendislik.com\/index.php\/wp-json\/wp\/v2\/comments?post=1072"}],"version-history":[{"count":92,"href":"https:\/\/kdcmuhendislik.com\/index.php\/wp-json\/wp\/v2\/pages\/1072\/revisions"}],"predecessor-version":[{"id":4932,"href":"https:\/\/kdcmuhendislik.com\/index.php\/wp-json\/wp\/v2\/pages\/1072\/revisions\/4932"}],"wp:attachment":[{"href":"https:\/\/kdcmuhendislik.com\/index.php\/wp-json\/wp\/v2\/media?parent=1072"}],"curies":[{"name":"wp","href":"https:\/\/api.w.org\/{rel}","templated":true}]}}